{"id":279,"date":"2020-09-11T13:32:59","date_gmt":"2020-09-11T13:32:59","guid":{"rendered":"http:\/\/pcelarins.org.rs\/?page_id=279"},"modified":"2025-01-19T22:17:04","modified_gmt":"2025-01-19T22:17:04","slug":"novi-sad-srcem","status":"publish","type":"page","link":"https:\/\/pcelarins.org.rs\/?page_id=279","title":{"rendered":"NOVI SAD SRCEM"},"content":{"rendered":"\t\t<div data-elementor-type=\"wp-page\" data-elementor-id=\"279\" class=\"elementor elementor-279\">\n\t\t\t\t\t\t<section class=\"elementor-section elementor-top-section elementor-element elementor-element-712f71a elementor-section-boxed elementor-section-height-default elementor-section-height-default\" data-id=\"712f71a\" data-element_type=\"section\">\n\t\t\t\t\t\t<div class=\"elementor-container elementor-column-gap-default\">\n\t\t\t\t\t<div class=\"elementor-column elementor-col-100 elementor-top-column elementor-element elementor-element-1351406\" data-id=\"1351406\" data-element_type=\"column\">\n\t\t\t<div class=\"elementor-widget-wrap elementor-element-populated\">\n\t\t\t\t\t\t<div class=\"elementor-element elementor-element-963e8be elementor-widget elementor-widget-cmm4e-mega-menu\" data-id=\"963e8be\" data-element_type=\"widget\" data-widget_type=\"cmm4e-mega-menu.default\">\n\t\t\t\t<div class=\"elementor-widget-container\">\n\t\t\t\t\t<div class=\"cmm4e-container cmm4e-wrapper-theme-default-menu-skin-461836\"><ul id=\"menu-meni-srpski\" class=\"cmm4e-theme-default-menu-skin-461836 cmm4e cmm4e-horizontal cmm4e-horizontal-align-right cmm4e-mobile-animation-off-canvas cmm4e-off-canvas- cmm4e-menu-fade-up\" data-config='{&quot;isMobile&quot;:false,&quot;container&quot;:&quot;.cmm4e-container&quot;,&quot;breakpoint&quot;:992,&quot;arrows&quot;:{&quot;up&quot;:&quot;fa fa-angle-up&quot;,&quot;down&quot;:&quot;fa fa-angle-down&quot;,&quot;left&quot;:&quot;fa fa-angle-left&quot;,&quot;right&quot;:&quot;fa fa-angle-right&quot;},&quot;maxHeight&quot;:60,&quot;desktop&quot;:{&quot;orientation&quot;:&quot;horizontal&quot;},&quot;mobile&quot;:{&quot;animation&quot;:&quot;off-canvas&quot;,&quot;toggleDisable&quot;:&quot;0&quot;,&quot;togglePosition&quot;:{&quot;top&quot;:20,&quot;right&quot;:0,&quot;bottom&quot;:0,&quot;left&quot;:20},&quot;toggleTrigger&quot;:&quot;&quot;,&quot;toggleIconOpen&quot;:&quot;fa fa-navicon&quot;,&quot;toggleIconClose&quot;:&quot;fa fa-close&quot;,&quot;toggleMenuText&quot;:&quot;&quot;}}'><li id=\"cmm4e-menu-item-431\" class=\"cmm4e-menu-item cmm4e-item-depth-0\"><a href=\"https:\/\/pcelarins.org.rs\/\" class=\"cmm4e-nav-link\"><span class=\"cmm4e-item-label\">Po\u010detna<\/span><\/a><\/li>\n<li id=\"cmm4e-menu-item-435\" class=\"cmm4e-menu-item cmm4e-item-depth-0\"><a href=\"https:\/\/pcelarins.org.rs\/?page_id=100\" class=\"cmm4e-nav-link\"><span class=\"cmm4e-item-label\">Dru\u0161tvo<\/span><\/a><\/li>\n<li id=\"cmm4e-menu-item-445\" class=\"cmm4e-menu-item cmm4e-item-depth-0\"><a href=\"https:\/\/pcelarins.org.rs\/?page_id=233\" class=\"cmm4e-nav-link\"><span class=\"cmm4e-item-label\">Organizacija<\/span><\/a><\/li>\n<li id=\"cmm4e-menu-item-441\" class=\"cmm4e-menu-item menu-item-has-children cmm4e-item-depth-0\"><a href=\"https:\/\/pcelarins.org.rs\/?page_id=258\" class=\"cmm4e-nav-link\"><span class=\"cmm4e-item-label\">Manifestacije<\/span><\/a><span role=\"presentation\" class=\"menu-item-arrow fa fa-angle-down\"><\/span>\n<div class='cmm4e-sub-panel cmm4e-sub-container' style=\"width: 260px\"><ul class=\"sub-menu cmm4e-sub-wrapper\">\n\t<li id=\"cmm4e-menu-item-690\" class=\"cmm4e-menu-item cmm4e-item-depth-1\"><a href=\"https:\/\/pcelarins.org.rs\/?page_id=649\" class=\"cmm4e-nav-link\"><span class=\"cmm4e-item-label\">Peti Sajam P\u010delarstva<\/span><\/a><\/li>\n\t<li id=\"cmm4e-menu-item-446\" class=\"cmm4e-menu-item menu-item-has-children cmm4e-item-depth-1\"><a href=\"https:\/\/pcelarins.org.rs\/?page_id=268\" class=\"cmm4e-nav-link\"><span class=\"cmm4e-item-label\">Ostale Manifestacije<\/span><\/a><span role=\"presentation\" class=\"menu-item-arrow fa fa-angle-right\"><\/span>\n\t<div class='cmm4e-sub-panel cmm4e-sub-container' style=\"width: 260px\"><ul class=\"sub-menu cmm4e-sub-wrapper\">\n\t\t<li id=\"cmm4e-menu-item-444\" class=\"cmm4e-menu-item cmm4e-item-depth-2\"><a href=\"https:\/\/pcelarins.org.rs\/?page_id=265\" class=\"cmm4e-nav-link\"><span class=\"cmm4e-item-label\">NOVOSADSKI P\u010cELARI NA ,,ROGLJU\u201c<\/span><\/a><\/li>\n\t\t<li id=\"cmm4e-menu-item-443\" class=\"cmm4e-menu-item cmm4e-item-depth-2\"><a href=\"https:\/\/pcelarins.org.rs\/?page_id=279\" class=\"cmm4e-nav-link\"><span class=\"cmm4e-item-label\">NOVI SAD SRCEM<\/span><\/a><\/li>\n\t\t<li id=\"cmm4e-menu-item-961\" class=\"cmm4e-menu-item cmm4e-item-depth-2\"><a href=\"https:\/\/pcelarins.org.rs\/?page_id=954\" class=\"cmm4e-nav-link\"><span class=\"cmm4e-item-label\">\u0417\u0430\u0445\u0432\u0430\u043b\u043d\u043e\u0441\u0442 \u0414\u0440\u0443\u0448\u0442\u0432\u0430 \u043f\u0447\u0435\u043b\u0430\u0440\u0430 \u043d\u0430 \u043f\u0440\u0435\u0434\u0441\u0442\u0430\u0432\u0459\u0430\u045a\u0443 \u0440\u0435\u0437\u0443\u043b\u0442\u0430\u0442\u0430 \u043f\u0440\u043e\u0458\u0435\u043a\u0442\u0430 B-HEALTH \u0443 \u0418\u043d\u0441\u0442\u0438\u0442\u0443\u0442\u0443 \u0411\u0438\u043e\u0441\u0435\u043d\u0441<\/span><\/a><\/li>\n\t<\/ul><\/div>\n<\/li>\n<\/ul><\/div>\n<\/li>\n<li id=\"cmm4e-menu-item-448\" class=\"cmm4e-menu-item menu-item-has-children cmm4e-item-depth-0\"><a href=\"https:\/\/pcelarins.org.rs\/?page_id=287\" class=\"cmm4e-nav-link\"><span class=\"cmm4e-item-label\">Projekti<\/span><\/a><span role=\"presentation\" class=\"menu-item-arrow fa fa-angle-down\"><\/span>\n<div class='cmm4e-sub-panel cmm4e-sub-container' style=\"width: 260px\"><ul class=\"sub-menu cmm4e-sub-wrapper\">\n\t<li id=\"cmm4e-menu-item-436\" class=\"cmm4e-menu-item menu-item-has-children cmm4e-item-depth-1\"><a href=\"https:\/\/pcelarins.org.rs\/?page_id=302\" class=\"cmm4e-nav-link\"><span class=\"cmm4e-item-label\">Fru\u0161kogorski Lipov med<\/span><\/a><span role=\"presentation\" class=\"menu-item-arrow fa fa-angle-right\"><\/span>\n\t<div class='cmm4e-sub-panel cmm4e-sub-container' style=\"width: 260px\"><ul class=\"sub-menu cmm4e-sub-wrapper\">\n\t\t<li id=\"cmm4e-menu-item-437\" class=\"cmm4e-menu-item cmm4e-item-depth-2\"><a href=\"https:\/\/pcelarins.org.rs\/?page_id=309\" class=\"cmm4e-nav-link\"><span class=\"cmm4e-item-label\">Fru\u0161kogorski Lipov Med Elaborat<\/span><\/a><\/li>\n\t\t<li id=\"cmm4e-menu-item-452\" class=\"cmm4e-menu-item cmm4e-item-depth-2\"><a href=\"https:\/\/pcelarins.org.rs\/?page_id=317\" class=\"cmm4e-nav-link\"><span class=\"cmm4e-item-label\">Sertifikovani Proizvodja\u010di<\/span><\/a><\/li>\n\t<\/ul><\/div>\n<\/li>\n\t<li id=\"cmm4e-menu-item-447\" class=\"cmm4e-menu-item cmm4e-item-depth-1\"><a href=\"https:\/\/pcelarins.org.rs\/?page_id=330\" class=\"cmm4e-nav-link\"><span class=\"cmm4e-item-label\">Projekat Reka Meda<\/span><\/a><\/li>\n<\/ul><\/div>\n<\/li>\n<li id=\"cmm4e-menu-item-455\" class=\"cmm4e-menu-item menu-item-has-children cmm4e-item-depth-0\"><a href=\"#\" class=\"cmm4e-nav-link\"><span class=\"cmm4e-item-label\">Aktivnosti<\/span><\/a><span role=\"presentation\" class=\"menu-item-arrow fa fa-angle-down\"><\/span>\n<div class='cmm4e-sub-panel cmm4e-sub-container' style=\"width: 260px\"><ul class=\"sub-menu cmm4e-sub-wrapper\">\n\t<li id=\"cmm4e-menu-item-456\" class=\"cmm4e-menu-item cmm4e-item-depth-1\"><a href=\"https:\/\/pcelarins.org.rs\/?page_id=884\" class=\"cmm4e-nav-link\"><span class=\"cmm4e-item-label\">\u0160kola za po\u010detnike<\/span><\/a><\/li>\n<\/ul><\/div>\n<\/li>\n<li id=\"cmm4e-menu-item-449\" class=\"cmm4e-menu-item menu-item-has-children cmm4e-item-depth-0\"><a href=\"https:\/\/pcelarins.org.rs\/?page_id=340\" class=\"cmm4e-nav-link\"><span class=\"cmm4e-item-label\">Propisi<\/span><\/a><span role=\"presentation\" class=\"menu-item-arrow fa fa-angle-down\"><\/span>\n<div class='cmm4e-sub-panel cmm4e-sub-container' style=\"width: 260px\"><ul class=\"sub-menu cmm4e-sub-wrapper\">\n\t<li id=\"cmm4e-menu-item-450\" class=\"cmm4e-menu-item cmm4e-item-depth-1\"><a href=\"https:\/\/pcelarins.org.rs\/?page_id=346\" class=\"cmm4e-nav-link\"><span class=\"cmm4e-item-label\">Propisi Vezani Za P\u010delarstvo<\/span><\/a><\/li>\n\t<li id=\"cmm4e-menu-item-432\" class=\"cmm4e-menu-item cmm4e-item-depth-1\"><a href=\"https:\/\/pcelarins.org.rs\/?page_id=370\" class=\"cmm4e-nav-link\"><span class=\"cmm4e-item-label\">Akta Dru\u0161tva<\/span><\/a><\/li>\n<\/ul><\/div>\n<\/li>\n<li id=\"cmm4e-menu-item-440\" class=\"cmm4e-menu-item cmm4e-item-depth-0\"><a href=\"https:\/\/pcelarins.org.rs\/?page_id=375\" class=\"cmm4e-nav-link\"><span class=\"cmm4e-item-label\">Literatura<\/span><\/a><\/li>\n<li id=\"cmm4e-menu-item-439\" class=\"cmm4e-menu-item cmm4e-item-depth-0\"><a href=\"https:\/\/pcelarins.org.rs\/?page_id=385\" class=\"cmm4e-nav-link\"><span class=\"cmm4e-item-label\">Kontakt<\/span><\/a><\/li>\n<\/ul><\/div>\t\t\t\t<\/div>\n\t\t\t\t<\/div>\n\t\t\t\t\t<\/div>\n\t\t<\/div>\n\t\t\t\t\t<\/div>\n\t\t<\/section>\n\t\t\t\t<header class=\"elementor-section elementor-top-section elementor-element elementor-element-65da858c elementor-section-height-min-height elementor-section-items-bottom elementor-section-boxed elementor-section-height-default\" data-id=\"65da858c\" data-element_type=\"section\" data-settings=\"{&quot;background_background&quot;:&quot;classic&quot;}\">\n\t\t\t\t\t\t\t<div class=\"elementor-background-overlay\"><\/div>\n\t\t\t\t\t\t\t<div class=\"elementor-container elementor-column-gap-wider\">\n\t\t\t\t\t<div class=\"elementor-column elementor-col-50 elementor-top-column elementor-element elementor-element-7622499a\" data-id=\"7622499a\" data-element_type=\"column\">\n\t\t\t<div class=\"elementor-widget-wrap elementor-element-populated\">\n\t\t\t\t\t\t<div class=\"elementor-element elementor-element-54c1f16b elementor-widget elementor-widget-heading\" data-id=\"54c1f16b\" data-element_type=\"widget\" data-widget_type=\"heading.default\">\n\t\t\t\t<div class=\"elementor-widget-container\">\n\t\t\t\t\t<h1 class=\"elementor-heading-title elementor-size-default\">NOVI SAD SRCEM<\/h1>\t\t\t\t<\/div>\n\t\t\t\t<\/div>\n\t\t\t\t\t<\/div>\n\t\t<\/div>\n\t\t\t\t<div class=\"elementor-column elementor-col-50 elementor-top-column elementor-element elementor-element-6292683c elementor-invisible\" data-id=\"6292683c\" data-element_type=\"column\" data-settings=\"{&quot;background_background&quot;:&quot;classic&quot;,&quot;animation&quot;:&quot;fadeIn&quot;}\">\n\t\t\t<div class=\"elementor-widget-wrap\">\n\t\t\t\t\t\t\t<\/div>\n\t\t<\/div>\n\t\t\t\t\t<\/div>\n\t\t<\/header>\n\t\t\t\t<section class=\"elementor-section elementor-top-section elementor-element elementor-element-78efdc5d elementor-section-boxed elementor-section-height-default elementor-section-height-default\" data-id=\"78efdc5d\" data-element_type=\"section\" data-settings=\"{&quot;background_background&quot;:&quot;classic&quot;}\">\n\t\t\t\t\t\t\t<div class=\"elementor-background-overlay\"><\/div>\n\t\t\t\t\t\t\t<div class=\"elementor-container elementor-column-gap-wide\">\n\t\t\t\t\t<div class=\"elementor-column elementor-col-100 elementor-top-column elementor-element elementor-element-3504ddf2\" data-id=\"3504ddf2\" data-element_type=\"column\">\n\t\t\t<div class=\"elementor-widget-wrap elementor-element-populated\">\n\t\t\t\t\t\t<div class=\"elementor-element elementor-element-35fa964f elementor-widget elementor-widget-heading\" data-id=\"35fa964f\" data-element_type=\"widget\" data-widget_type=\"heading.default\">\n\t\t\t\t<div class=\"elementor-widget-container\">\n\t\t\t\t\t<h3 class=\"elementor-heading-title elementor-size-default\">\u201eNovi Sad srcem\u201c je manifestacija koja je organizovana po ugledu na srednjoevropske gradove, \u010diji je cilj, da se stvori novogodi\u0161nja atmosfera, koja \u0107e trajati vi\u0161e dana. Ta\u010dnije od 9. do 31. decembra. Zbog velikog broja izlaga\u010da, \u0161tandovi su sme\u0161teni u velikom \u0161atoru na Trgu slobode.\n\nIzme\u0111u mno\u0161tva razli\u010ditih sadr\u017eaja, Dru\u0161tvo p\u010delara \u201eJovan \u017divanovi\u0107\u201c Novi Sad, je u utorak 13. decembra, od 14 \u010dasova organizovalo humanitarnu akciju, izlo\u017ebu, prodaju i promociju meda i p\u010delinjih proizvoda.\n\n                                                                                          Tekst i foto: Zoran Lali\u010di\u0107<\/h3>\t\t\t\t<\/div>\n\t\t\t\t<\/div>\n\t\t\t\t<div class=\"elementor-element elementor-element-2919f270 elementor-widget-divider--view-line elementor-invisible elementor-widget elementor-widget-divider\" data-id=\"2919f270\" data-element_type=\"widget\" data-settings=\"{&quot;_animation&quot;:&quot;fadeIn&quot;,&quot;_animation_delay&quot;:200}\" data-widget_type=\"divider.default\">\n\t\t\t\t<div class=\"elementor-widget-container\">\n\t\t\t\t\t\t\t<div class=\"elementor-divider\">\n\t\t\t<span class=\"elementor-divider-separator\">\n\t\t\t\t\t\t<\/span>\n\t\t<\/div>\n\t\t\t\t\t\t<\/div>\n\t\t\t\t<\/div>\n\t\t\t\t\t<\/div>\n\t\t<\/div>\n\t\t\t\t\t<\/div>\n\t\t<\/section>\n\t\t\t\t<section class=\"elementor-section elementor-top-section elementor-element elementor-element-91670e2 elementor-section-boxed elementor-section-height-default elementor-section-height-default\" data-id=\"91670e2\" data-element_type=\"section\" data-settings=\"{&quot;background_background&quot;:&quot;classic&quot;}\">\n\t\t\t\t\t\t<div class=\"elementor-container elementor-column-gap-default\">\n\t\t\t\t\t<div class=\"elementor-column elementor-col-25 elementor-top-column elementor-element elementor-element-0c1e00f\" data-id=\"0c1e00f\" data-element_type=\"column\">\n\t\t\t<div class=\"elementor-widget-wrap elementor-element-populated\">\n\t\t\t\t\t\t<div class=\"elementor-element elementor-element-697547e elementor-widget elementor-widget-image\" data-id=\"697547e\" data-element_type=\"widget\" data-widget_type=\"image.default\">\n\t\t\t\t<div class=\"elementor-widget-container\">\n\t\t\t\t\t\t\t\t\t\t\t\t\t\t\t<img decoding=\"async\" src=\"https:\/\/pcelarins.org.rs\/wp-content\/uploads\/elementor\/thumbs\/og-logo-removebg-preview-ov9354ejwybsofipgs9m02ipfbrpel6ffhtpau9b8g.png\" title=\"og-logo-removebg-preview\" alt=\"og-logo-removebg-preview\" loading=\"lazy\" \/>\t\t\t\t\t\t\t\t\t\t\t\t\t\t\t<\/div>\n\t\t\t\t<\/div>\n\t\t\t\t<div class=\"elementor-element elementor-element-8cbe9bd elementor-widget__width-initial elementor-widget elementor-widget-text-editor\" data-id=\"8cbe9bd\" data-element_type=\"widget\" data-widget_type=\"text-editor.default\">\n\t\t\t\t<div class=\"elementor-widget-container\">\n\t\t\t\t\t\t\t\t\t<p><span style=\"vertical-align: inherit;\"><span style=\"vertical-align: inherit;\">Dru\u0161tvo p\u010delara Jovan \u017divanovi\u0107 Gagarinova 6, 21000 Novi Sad&nbsp;<\/span><\/span><\/p>\t\t\t\t\t\t\t\t<\/div>\n\t\t\t\t<\/div>\n\t\t\t\t\t<\/div>\n\t\t<\/div>\n\t\t\t\t<div class=\"elementor-column elementor-col-25 elementor-top-column elementor-element elementor-element-7b2f2b3\" data-id=\"7b2f2b3\" data-element_type=\"column\">\n\t\t\t<div class=\"elementor-widget-wrap elementor-element-populated\">\n\t\t\t\t\t\t<div class=\"elementor-element elementor-element-021a8be envato-kit-138-bracket elementor-widget elementor-widget-heading\" data-id=\"021a8be\" data-element_type=\"widget\" data-widget_type=\"heading.default\">\n\t\t\t\t<div class=\"elementor-widget-container\">\n\t\t\t\t\t<h3 class=\"elementor-heading-title elementor-size-default\">Meni<\/h3>\t\t\t\t<\/div>\n\t\t\t\t<\/div>\n\t\t\t\t<div class=\"elementor-element elementor-element-fac29b0 elementor-mobile-align-center elementor-icon-list--layout-traditional elementor-list-item-link-full_width elementor-widget elementor-widget-icon-list\" data-id=\"fac29b0\" data-element_type=\"widget\" data-widget_type=\"icon-list.default\">\n\t\t\t\t<div class=\"elementor-widget-container\">\n\t\t\t\t\t\t\t<ul class=\"elementor-icon-list-items\">\n\t\t\t\t\t\t\t<li class=\"elementor-icon-list-item\">\n\t\t\t\t\t\t\t\t\t\t\t<a href=\"https:\/\/pcelarins.org.rs\/\">\n\n\t\t\t\t\t\t\t\t\t\t\t\t<span class=\"elementor-icon-list-icon\">\n\t\t\t\t\t\t\t<i aria-hidden=\"true\" class=\"fas fa-angle-right\"><\/i>\t\t\t\t\t\t<\/span>\n\t\t\t\t\t\t\t\t\t\t<span class=\"elementor-icon-list-text\">Po\u010detna<\/span>\n\t\t\t\t\t\t\t\t\t\t\t<\/a>\n\t\t\t\t\t\t\t\t\t<\/li>\n\t\t\t\t\t\t\t\t<li class=\"elementor-icon-list-item\">\n\t\t\t\t\t\t\t\t\t\t\t<a href=\"https:\/\/pcelarins.org.rs\/?page_id=100\">\n\n\t\t\t\t\t\t\t\t\t\t\t\t<span class=\"elementor-icon-list-icon\">\n\t\t\t\t\t\t\t<i aria-hidden=\"true\" class=\"fas fa-angle-right\"><\/i>\t\t\t\t\t\t<\/span>\n\t\t\t\t\t\t\t\t\t\t<span class=\"elementor-icon-list-text\">Dru\u0161tvo<\/span>\n\t\t\t\t\t\t\t\t\t\t\t<\/a>\n\t\t\t\t\t\t\t\t\t<\/li>\n\t\t\t\t\t\t\t\t<li class=\"elementor-icon-list-item\">\n\t\t\t\t\t\t\t\t\t\t\t<span class=\"elementor-icon-list-icon\">\n\t\t\t\t\t\t\t<i aria-hidden=\"true\" class=\"fas fa-angle-right\"><\/i>\t\t\t\t\t\t<\/span>\n\t\t\t\t\t\t\t\t\t\t<span class=\"elementor-icon-list-text\">Arhiva<\/span>\n\t\t\t\t\t\t\t\t\t<\/li>\n\t\t\t\t\t\t<\/ul>\n\t\t\t\t\t\t<\/div>\n\t\t\t\t<\/div>\n\t\t\t\t\t<\/div>\n\t\t<\/div>\n\t\t\t\t<div class=\"elementor-column elementor-col-25 elementor-top-column elementor-element elementor-element-1446d7d\" data-id=\"1446d7d\" data-element_type=\"column\">\n\t\t\t<div class=\"elementor-widget-wrap elementor-element-populated\">\n\t\t\t\t\t\t<div class=\"elementor-element elementor-element-72057b3 envato-kit-138-bracket elementor-widget elementor-widget-heading\" data-id=\"72057b3\" data-element_type=\"widget\" data-widget_type=\"heading.default\">\n\t\t\t\t<div class=\"elementor-widget-container\">\n\t\t\t\t\t<h3 class=\"elementor-heading-title elementor-size-default\">Propisi<\/h3>\t\t\t\t<\/div>\n\t\t\t\t<\/div>\n\t\t\t\t<div class=\"elementor-element elementor-element-768cbc2 elementor-mobile-align-center elementor-icon-list--layout-traditional elementor-list-item-link-full_width elementor-widget elementor-widget-icon-list\" data-id=\"768cbc2\" data-element_type=\"widget\" data-widget_type=\"icon-list.default\">\n\t\t\t\t<div class=\"elementor-widget-container\">\n\t\t\t\t\t\t\t<ul class=\"elementor-icon-list-items\">\n\t\t\t\t\t\t\t<li class=\"elementor-icon-list-item\">\n\t\t\t\t\t\t\t\t\t\t\t<a href=\"https:\/\/pcelarins.org.rs\/?page_id=346\">\n\n\t\t\t\t\t\t\t\t\t\t\t\t<span class=\"elementor-icon-list-icon\">\n\t\t\t\t\t\t\t<i aria-hidden=\"true\" class=\"fas fa-angle-right\"><\/i>\t\t\t\t\t\t<\/span>\n\t\t\t\t\t\t\t\t\t\t<span class=\"elementor-icon-list-text\">Propisi vezani za p\u010delarstvo<\/span>\n\t\t\t\t\t\t\t\t\t\t\t<\/a>\n\t\t\t\t\t\t\t\t\t<\/li>\n\t\t\t\t\t\t\t\t<li class=\"elementor-icon-list-item\">\n\t\t\t\t\t\t\t\t\t\t\t<a href=\"https:\/\/pcelarins.org.rs\/?page_id=370\">\n\n\t\t\t\t\t\t\t\t\t\t\t\t<span class=\"elementor-icon-list-icon\">\n\t\t\t\t\t\t\t<i aria-hidden=\"true\" class=\"fas fa-angle-right\"><\/i>\t\t\t\t\t\t<\/span>\n\t\t\t\t\t\t\t\t\t\t<span class=\"elementor-icon-list-text\">Akta dru\u0161tva<\/span>\n\t\t\t\t\t\t\t\t\t\t\t<\/a>\n\t\t\t\t\t\t\t\t\t<\/li>\n\t\t\t\t\t\t<\/ul>\n\t\t\t\t\t\t<\/div>\n\t\t\t\t<\/div>\n\t\t\t\t\t<\/div>\n\t\t<\/div>\n\t\t\t\t<div class=\"elementor-column elementor-col-25 elementor-top-column elementor-element elementor-element-f3cee1e\" data-id=\"f3cee1e\" data-element_type=\"column\">\n\t\t\t<div class=\"elementor-widget-wrap elementor-element-populated\">\n\t\t\t\t\t\t<div class=\"elementor-element elementor-element-c681108 envato-kit-138-bracket elementor-widget elementor-widget-heading\" data-id=\"c681108\" data-element_type=\"widget\" data-widget_type=\"heading.default\">\n\t\t\t\t<div class=\"elementor-widget-container\">\n\t\t\t\t\t<h3 class=\"elementor-heading-title elementor-size-default\">Social Media<\/h3>\t\t\t\t<\/div>\n\t\t\t\t<\/div>\n\t\t\t\t<div class=\"elementor-element elementor-element-94385d4 elementor-shape-square e-grid-align-mobile-center e-grid-align-tablet-left elementor-widget__width-initial elementor-grid-0 e-grid-align-center elementor-widget elementor-widget-social-icons\" data-id=\"94385d4\" data-element_type=\"widget\" data-widget_type=\"social-icons.default\">\n\t\t\t\t<div class=\"elementor-widget-container\">\n\t\t\t\t\t\t\t<div class=\"elementor-social-icons-wrapper elementor-grid\">\n\t\t\t\t\t\t\t<span class=\"elementor-grid-item\">\n\t\t\t\t\t<a class=\"elementor-icon elementor-social-icon elementor-social-icon-facebook-f elementor-repeater-item-421c6ef\" href=\"https:\/\/www.facebook.com\/profile.php?id=100009124763768\" target=\"_blank\">\n\t\t\t\t\t\t<span class=\"elementor-screen-only\">Facebook-f<\/span>\n\t\t\t\t\t\t<i aria-hidden=\"true\" class=\"fab fa-facebook-f\"><\/i>\t\t\t\t\t<\/a>\n\t\t\t\t<\/span>\n\t\t\t\t\t<\/div>\n\t\t\t\t\t\t<\/div>\n\t\t\t\t<\/div>\n\t\t\t\t\t<\/div>\n\t\t<\/div>\n\t\t\t\t\t<\/div>\n\t\t<\/section>\n\t\t\t\t<\/div>\n\t\t","protected":false},"excerpt":{"rendered":"<p>Po\u010detna Dru\u0161tvo Organizacija Manifestacije Peti Sajam P\u010delarstva Ostale Manifestacije NOVOSADSKI P\u010cELARI NA ,,ROGLJU\u201c NOVI SAD SRCEM \u0417\u0430\u0445\u0432\u0430\u043b\u043d\u043e\u0441\u0442 \u0414\u0440\u0443\u0448\u0442\u0432\u0430 \u043f\u0447\u0435\u043b\u0430\u0440\u0430 \u043d\u0430 \u043f\u0440\u0435\u0434\u0441\u0442\u0430\u0432\u0459\u0430\u045a\u0443 \u0440\u0435\u0437\u0443\u043b\u0442\u0430\u0442\u0430 \u043f\u0440\u043e\u0458\u0435\u043a\u0442\u0430 B-HEALTH \u0443 \u0418\u043d\u0441\u0442\u0438\u0442\u0443\u0442\u0443 \u0411\u0438\u043e\u0441\u0435\u043d\u0441 Projekti Fru\u0161kogorski Lipov med Fru\u0161kogorski Lipov Med Elaborat Sertifikovani Proizvodja\u010di Projekat Reka Meda Aktivnosti \u0160kola za po\u010detnike Propisi Propisi Vezani Za P\u010delarstvo Akta Dru\u0161tva Literatura Kontakt NOVI SAD [&hellip;]<\/p>\n","protected":false},"author":1,"featured_media":0,"parent":0,"menu_order":0,"comment_status":"closed","ping_status":"closed","template":"elementor_header_footer","meta":{"site-sidebar-layout":"no-sidebar","site-content-layout":"page-builder","ast-site-content-layout":"","site-content-style":"default","site-sidebar-style":"default","ast-global-header-display":"","ast-banner-title-visibility":"","ast-main-header-display":"disabled","ast-hfb-above-header-display":"","ast-hfb-below-header-display":"","ast-hfb-mobile-header-display":"","site-post-title":"disabled","ast-breadcrumbs-content":"","ast-featured-img":"disabled","footer-sml-layout":"disabled","theme-transparent-header-meta":"default","adv-header-id-meta":"","stick-header-meta":"","header-above-stick-meta":"","header-main-stick-meta":"","header-below-stick-meta":"","astra-migrate-meta-layouts":"default","ast-page-background-enabled":"default","ast-page-background-meta":{"desktop":{"background-color":"var(--ast-global-color-4)","background-image":"","background-repeat":"repeat","background-position":"center center","background-size":"auto","background-attachment":"scroll","background-type":"","background-media":"","overlay-type":"","overlay-color":"","overlay-opacity":"","overlay-gradient":""},"tablet":{"background-color":"","background-image":"","background-repeat":"repeat","background-position":"center center","background-size":"auto","background-attachment":"scroll","background-type":"","background-media":"","overlay-type":"","overlay-color":"","overlay-opacity":"","overlay-gradient":""},"mobile":{"background-color":"","background-image":"","background-repeat":"repeat","background-position":"center center","background-size":"auto","background-attachment":"scroll","background-type":"","background-media":"","overlay-type":"","overlay-color":"","overlay-opacity":"","overlay-gradient":""}},"ast-content-background-meta":{"desktop":{"background-color":"var(--ast-global-color-5)","background-image":"","background-repeat":"repeat","background-position":"center center","background-size":"auto","background-attachment":"scroll","background-type":"","background-media":"","overlay-type":"","overlay-color":"","overlay-opacity":"","overlay-gradient":""},"tablet":{"background-color":"var(--ast-global-color-5)","background-image":"","background-repeat":"repeat","background-position":"center center","background-size":"auto","background-attachment":"scroll","background-type":"","background-media":"","overlay-type":"","overlay-color":"","overlay-opacity":"","overlay-gradient":""},"mobile":{"background-color":"var(--ast-global-color-5)","background-image":"","background-repeat":"repeat","background-position":"center center","background-size":"auto","background-attachment":"scroll","background-type":"","background-media":"","overlay-type":"","overlay-color":"","overlay-opacity":"","overlay-gradient":""}},"footnotes":""},"class_list":["post-279","page","type-page","status-publish","hentry"],"_links":{"self":[{"href":"https:\/\/pcelarins.org.rs\/index.php?rest_route=\/wp\/v2\/pages\/279","targetHints":{"allow":["GET"]}}],"collection":[{"href":"https:\/\/pcelarins.org.rs\/index.php?rest_route=\/wp\/v2\/pages"}],"about":[{"href":"https:\/\/pcelarins.org.rs\/index.php?rest_route=\/wp\/v2\/types\/page"}],"author":[{"embeddable":true,"href":"https:\/\/pcelarins.org.rs\/index.php?rest_route=\/wp\/v2\/users\/1"}],"replies":[{"embeddable":true,"href":"https:\/\/pcelarins.org.rs\/index.php?rest_route=%2Fwp%2Fv2%2Fcomments&post=279"}],"version-history":[{"count":10,"href":"https:\/\/pcelarins.org.rs\/index.php?rest_route=\/wp\/v2\/pages\/279\/revisions"}],"predecessor-version":[{"id":1027,"href":"https:\/\/pcelarins.org.rs\/index.php?rest_route=\/wp\/v2\/pages\/279\/revisions\/1027"}],"wp:attachment":[{"href":"https:\/\/pcelarins.org.rs\/index.php?rest_route=%2Fwp%2Fv2%2Fmedia&parent=279"}],"curies":[{"name":"wp","href":"https:\/\/api.w.org\/{rel}","templated":true}]}}