{"id":309,"date":"2020-09-14T11:39:00","date_gmt":"2020-09-14T11:39:00","guid":{"rendered":"http:\/\/pcelarins.org.rs\/?page_id=309"},"modified":"2025-01-19T22:18:07","modified_gmt":"2025-01-19T22:18:07","slug":"fruskogorski-lipov-med-elaborat","status":"publish","type":"page","link":"https:\/\/pcelarins.org.rs\/?page_id=309","title":{"rendered":"Fru\u0161kogorski Lipov Med Elaborat"},"content":{"rendered":"\t\t<div data-elementor-type=\"wp-page\" data-elementor-id=\"309\" class=\"elementor elementor-309\">\n\t\t\t\t\t\t<section class=\"elementor-section elementor-top-section elementor-element elementor-element-b99ae6b elementor-section-boxed elementor-section-height-default elementor-section-height-default\" data-id=\"b99ae6b\" data-element_type=\"section\">\n\t\t\t\t\t\t<div class=\"elementor-container elementor-column-gap-default\">\n\t\t\t\t\t<div class=\"elementor-column elementor-col-100 elementor-top-column elementor-element elementor-element-fb958b8\" data-id=\"fb958b8\" data-element_type=\"column\">\n\t\t\t<div class=\"elementor-widget-wrap elementor-element-populated\">\n\t\t\t\t\t\t<div class=\"elementor-element elementor-element-25810b5 elementor-widget elementor-widget-cmm4e-mega-menu\" data-id=\"25810b5\" data-element_type=\"widget\" data-widget_type=\"cmm4e-mega-menu.default\">\n\t\t\t\t<div class=\"elementor-widget-container\">\n\t\t\t\t\t<div class=\"cmm4e-container cmm4e-wrapper-theme-default-menu-skin-461836\"><ul id=\"menu-meni-srpski\" class=\"cmm4e-theme-default-menu-skin-461836 cmm4e cmm4e-horizontal cmm4e-horizontal-align-right cmm4e-mobile-animation-off-canvas cmm4e-off-canvas- cmm4e-menu-fade-up\" data-config='{&quot;isMobile&quot;:false,&quot;container&quot;:&quot;.cmm4e-container&quot;,&quot;breakpoint&quot;:992,&quot;arrows&quot;:{&quot;up&quot;:&quot;fa fa-angle-up&quot;,&quot;down&quot;:&quot;fa fa-angle-down&quot;,&quot;left&quot;:&quot;fa fa-angle-left&quot;,&quot;right&quot;:&quot;fa fa-angle-right&quot;},&quot;maxHeight&quot;:60,&quot;desktop&quot;:{&quot;orientation&quot;:&quot;horizontal&quot;},&quot;mobile&quot;:{&quot;animation&quot;:&quot;off-canvas&quot;,&quot;toggleDisable&quot;:&quot;0&quot;,&quot;togglePosition&quot;:{&quot;top&quot;:20,&quot;right&quot;:0,&quot;bottom&quot;:0,&quot;left&quot;:20},&quot;toggleTrigger&quot;:&quot;&quot;,&quot;toggleIconOpen&quot;:&quot;fa fa-navicon&quot;,&quot;toggleIconClose&quot;:&quot;fa fa-close&quot;,&quot;toggleMenuText&quot;:&quot;&quot;}}'><li id=\"cmm4e-menu-item-431\" class=\"cmm4e-menu-item cmm4e-item-depth-0\"><a href=\"https:\/\/pcelarins.org.rs\/\" class=\"cmm4e-nav-link\"><span class=\"cmm4e-item-label\">Po\u010detna<\/span><\/a><\/li>\n<li id=\"cmm4e-menu-item-435\" class=\"cmm4e-menu-item cmm4e-item-depth-0\"><a href=\"https:\/\/pcelarins.org.rs\/?page_id=100\" class=\"cmm4e-nav-link\"><span class=\"cmm4e-item-label\">Dru\u0161tvo<\/span><\/a><\/li>\n<li id=\"cmm4e-menu-item-445\" class=\"cmm4e-menu-item cmm4e-item-depth-0\"><a href=\"https:\/\/pcelarins.org.rs\/?page_id=233\" class=\"cmm4e-nav-link\"><span class=\"cmm4e-item-label\">Organizacija<\/span><\/a><\/li>\n<li id=\"cmm4e-menu-item-441\" class=\"cmm4e-menu-item menu-item-has-children cmm4e-item-depth-0\"><a href=\"https:\/\/pcelarins.org.rs\/?page_id=258\" class=\"cmm4e-nav-link\"><span class=\"cmm4e-item-label\">Manifestacije<\/span><\/a><span role=\"presentation\" class=\"menu-item-arrow fa fa-angle-down\"><\/span>\n<div class='cmm4e-sub-panel cmm4e-sub-container' style=\"width: 260px\"><ul class=\"sub-menu cmm4e-sub-wrapper\">\n\t<li id=\"cmm4e-menu-item-690\" class=\"cmm4e-menu-item cmm4e-item-depth-1\"><a href=\"https:\/\/pcelarins.org.rs\/?page_id=649\" class=\"cmm4e-nav-link\"><span class=\"cmm4e-item-label\">Peti Sajam P\u010delarstva<\/span><\/a><\/li>\n\t<li id=\"cmm4e-menu-item-446\" class=\"cmm4e-menu-item menu-item-has-children cmm4e-item-depth-1\"><a href=\"https:\/\/pcelarins.org.rs\/?page_id=268\" class=\"cmm4e-nav-link\"><span class=\"cmm4e-item-label\">Ostale Manifestacije<\/span><\/a><span role=\"presentation\" class=\"menu-item-arrow fa fa-angle-right\"><\/span>\n\t<div class='cmm4e-sub-panel cmm4e-sub-container' style=\"width: 260px\"><ul class=\"sub-menu cmm4e-sub-wrapper\">\n\t\t<li id=\"cmm4e-menu-item-444\" class=\"cmm4e-menu-item cmm4e-item-depth-2\"><a href=\"https:\/\/pcelarins.org.rs\/?page_id=265\" class=\"cmm4e-nav-link\"><span class=\"cmm4e-item-label\">NOVOSADSKI P\u010cELARI NA ,,ROGLJU\u201c<\/span><\/a><\/li>\n\t\t<li id=\"cmm4e-menu-item-443\" class=\"cmm4e-menu-item cmm4e-item-depth-2\"><a href=\"https:\/\/pcelarins.org.rs\/?page_id=279\" class=\"cmm4e-nav-link\"><span class=\"cmm4e-item-label\">NOVI SAD SRCEM<\/span><\/a><\/li>\n\t\t<li id=\"cmm4e-menu-item-961\" class=\"cmm4e-menu-item cmm4e-item-depth-2\"><a href=\"https:\/\/pcelarins.org.rs\/?page_id=954\" class=\"cmm4e-nav-link\"><span class=\"cmm4e-item-label\">\u0417\u0430\u0445\u0432\u0430\u043b\u043d\u043e\u0441\u0442 \u0414\u0440\u0443\u0448\u0442\u0432\u0430 \u043f\u0447\u0435\u043b\u0430\u0440\u0430 \u043d\u0430 \u043f\u0440\u0435\u0434\u0441\u0442\u0430\u0432\u0459\u0430\u045a\u0443 \u0440\u0435\u0437\u0443\u043b\u0442\u0430\u0442\u0430 \u043f\u0440\u043e\u0458\u0435\u043a\u0442\u0430 B-HEALTH \u0443 \u0418\u043d\u0441\u0442\u0438\u0442\u0443\u0442\u0443 \u0411\u0438\u043e\u0441\u0435\u043d\u0441<\/span><\/a><\/li>\n\t<\/ul><\/div>\n<\/li>\n<\/ul><\/div>\n<\/li>\n<li id=\"cmm4e-menu-item-448\" class=\"cmm4e-menu-item menu-item-has-children cmm4e-item-depth-0\"><a href=\"https:\/\/pcelarins.org.rs\/?page_id=287\" class=\"cmm4e-nav-link\"><span class=\"cmm4e-item-label\">Projekti<\/span><\/a><span role=\"presentation\" class=\"menu-item-arrow fa fa-angle-down\"><\/span>\n<div class='cmm4e-sub-panel cmm4e-sub-container' style=\"width: 260px\"><ul class=\"sub-menu cmm4e-sub-wrapper\">\n\t<li id=\"cmm4e-menu-item-436\" class=\"cmm4e-menu-item menu-item-has-children cmm4e-item-depth-1\"><a href=\"https:\/\/pcelarins.org.rs\/?page_id=302\" class=\"cmm4e-nav-link\"><span class=\"cmm4e-item-label\">Fru\u0161kogorski Lipov med<\/span><\/a><span role=\"presentation\" class=\"menu-item-arrow fa fa-angle-right\"><\/span>\n\t<div class='cmm4e-sub-panel cmm4e-sub-container' style=\"width: 260px\"><ul class=\"sub-menu cmm4e-sub-wrapper\">\n\t\t<li id=\"cmm4e-menu-item-437\" class=\"cmm4e-menu-item cmm4e-item-depth-2\"><a href=\"https:\/\/pcelarins.org.rs\/?page_id=309\" class=\"cmm4e-nav-link\"><span class=\"cmm4e-item-label\">Fru\u0161kogorski Lipov Med Elaborat<\/span><\/a><\/li>\n\t\t<li id=\"cmm4e-menu-item-452\" class=\"cmm4e-menu-item cmm4e-item-depth-2\"><a href=\"https:\/\/pcelarins.org.rs\/?page_id=317\" class=\"cmm4e-nav-link\"><span class=\"cmm4e-item-label\">Sertifikovani Proizvodja\u010di<\/span><\/a><\/li>\n\t<\/ul><\/div>\n<\/li>\n\t<li id=\"cmm4e-menu-item-447\" class=\"cmm4e-menu-item cmm4e-item-depth-1\"><a href=\"https:\/\/pcelarins.org.rs\/?page_id=330\" class=\"cmm4e-nav-link\"><span class=\"cmm4e-item-label\">Projekat Reka Meda<\/span><\/a><\/li>\n<\/ul><\/div>\n<\/li>\n<li id=\"cmm4e-menu-item-455\" class=\"cmm4e-menu-item menu-item-has-children cmm4e-item-depth-0\"><a href=\"#\" class=\"cmm4e-nav-link\"><span class=\"cmm4e-item-label\">Aktivnosti<\/span><\/a><span role=\"presentation\" class=\"menu-item-arrow fa fa-angle-down\"><\/span>\n<div class='cmm4e-sub-panel cmm4e-sub-container' style=\"width: 260px\"><ul class=\"sub-menu cmm4e-sub-wrapper\">\n\t<li id=\"cmm4e-menu-item-456\" class=\"cmm4e-menu-item cmm4e-item-depth-1\"><a href=\"https:\/\/pcelarins.org.rs\/?page_id=884\" class=\"cmm4e-nav-link\"><span class=\"cmm4e-item-label\">\u0160kola za po\u010detnike<\/span><\/a><\/li>\n<\/ul><\/div>\n<\/li>\n<li id=\"cmm4e-menu-item-449\" class=\"cmm4e-menu-item menu-item-has-children cmm4e-item-depth-0\"><a href=\"https:\/\/pcelarins.org.rs\/?page_id=340\" class=\"cmm4e-nav-link\"><span class=\"cmm4e-item-label\">Propisi<\/span><\/a><span role=\"presentation\" class=\"menu-item-arrow fa fa-angle-down\"><\/span>\n<div class='cmm4e-sub-panel cmm4e-sub-container' style=\"width: 260px\"><ul class=\"sub-menu cmm4e-sub-wrapper\">\n\t<li id=\"cmm4e-menu-item-450\" class=\"cmm4e-menu-item cmm4e-item-depth-1\"><a href=\"https:\/\/pcelarins.org.rs\/?page_id=346\" class=\"cmm4e-nav-link\"><span class=\"cmm4e-item-label\">Propisi Vezani Za P\u010delarstvo<\/span><\/a><\/li>\n\t<li id=\"cmm4e-menu-item-432\" class=\"cmm4e-menu-item cmm4e-item-depth-1\"><a href=\"https:\/\/pcelarins.org.rs\/?page_id=370\" class=\"cmm4e-nav-link\"><span class=\"cmm4e-item-label\">Akta Dru\u0161tva<\/span><\/a><\/li>\n<\/ul><\/div>\n<\/li>\n<li id=\"cmm4e-menu-item-440\" class=\"cmm4e-menu-item cmm4e-item-depth-0\"><a href=\"https:\/\/pcelarins.org.rs\/?page_id=375\" class=\"cmm4e-nav-link\"><span class=\"cmm4e-item-label\">Literatura<\/span><\/a><\/li>\n<li id=\"cmm4e-menu-item-439\" class=\"cmm4e-menu-item cmm4e-item-depth-0\"><a href=\"https:\/\/pcelarins.org.rs\/?page_id=385\" class=\"cmm4e-nav-link\"><span class=\"cmm4e-item-label\">Kontakt<\/span><\/a><\/li>\n<\/ul><\/div>\t\t\t\t<\/div>\n\t\t\t\t<\/div>\n\t\t\t\t\t<\/div>\n\t\t<\/div>\n\t\t\t\t\t<\/div>\n\t\t<\/section>\n\t\t\t\t<header class=\"elementor-section elementor-top-section elementor-element elementor-element-5ccf1e52 elementor-section-height-min-height elementor-section-items-bottom elementor-section-boxed elementor-section-height-default\" data-id=\"5ccf1e52\" data-element_type=\"section\" data-settings=\"{&quot;background_background&quot;:&quot;classic&quot;}\">\n\t\t\t\t\t\t\t<div class=\"elementor-background-overlay\"><\/div>\n\t\t\t\t\t\t\t<div class=\"elementor-container elementor-column-gap-wider\">\n\t\t\t\t\t<div class=\"elementor-column elementor-col-50 elementor-top-column elementor-element elementor-element-defcae0\" data-id=\"defcae0\" data-element_type=\"column\">\n\t\t\t<div class=\"elementor-widget-wrap elementor-element-populated\">\n\t\t\t\t\t\t<div class=\"elementor-element elementor-element-428194fc elementor-widget elementor-widget-heading\" data-id=\"428194fc\" data-element_type=\"widget\" data-widget_type=\"heading.default\">\n\t\t\t\t<div class=\"elementor-widget-container\">\n\t\t\t\t\t<h1 class=\"elementor-heading-title elementor-size-default\">Fru\u0161kogorski Lipov Med Elaborat<\/h1>\t\t\t\t<\/div>\n\t\t\t\t<\/div>\n\t\t\t\t\t<\/div>\n\t\t<\/div>\n\t\t\t\t<div class=\"elementor-column elementor-col-50 elementor-top-column elementor-element elementor-element-25add090 elementor-invisible\" data-id=\"25add090\" data-element_type=\"column\" data-settings=\"{&quot;background_background&quot;:&quot;classic&quot;,&quot;animation&quot;:&quot;fadeIn&quot;}\">\n\t\t\t<div class=\"elementor-widget-wrap\">\n\t\t\t\t\t\t\t<\/div>\n\t\t<\/div>\n\t\t\t\t\t<\/div>\n\t\t<\/header>\n\t\t\t\t<section class=\"elementor-section elementor-top-section elementor-element elementor-element-16770e31 elementor-section-boxed elementor-section-height-default elementor-section-height-default\" data-id=\"16770e31\" data-element_type=\"section\" data-settings=\"{&quot;background_background&quot;:&quot;classic&quot;}\">\n\t\t\t\t\t\t\t<div class=\"elementor-background-overlay\"><\/div>\n\t\t\t\t\t\t\t<div class=\"elementor-container elementor-column-gap-wide\">\n\t\t\t\t\t<div class=\"elementor-column elementor-col-100 elementor-top-column elementor-element elementor-element-34d1dde1\" data-id=\"34d1dde1\" data-element_type=\"column\">\n\t\t\t<div class=\"elementor-widget-wrap elementor-element-populated\">\n\t\t\t\t\t\t<div class=\"elementor-element elementor-element-6780cb4e elementor-widget elementor-widget-heading\" data-id=\"6780cb4e\" data-element_type=\"widget\" data-widget_type=\"heading.default\">\n\t\t\t\t<div class=\"elementor-widget-container\">\n\t\t\t\t\t<h3 class=\"elementor-heading-title elementor-size-default\">ELABORAT O ZA\u0160TITI OZNAKE GEOGRAFSKOG POREKLA ZA PROIZVOD FRU\u0160KOGORSKI MED<\/h3>\t\t\t\t<\/div>\n\t\t\t\t<\/div>\n\t\t\t\t<div class=\"elementor-element elementor-element-7301a47b elementor-widget elementor-widget-heading\" data-id=\"7301a47b\" data-element_type=\"widget\" data-widget_type=\"heading.default\">\n\t\t\t\t<div class=\"elementor-widget-container\">\n\t\t\t\t\t<h3 class=\"elementor-heading-title elementor-size-default\">Sekretar: Ika Mitrovi\u0107\n\nTelefon: +381 65 233 77 89<\/h3>\t\t\t\t<\/div>\n\t\t\t\t<\/div>\n\t\t\t\t<div class=\"elementor-element elementor-element-d8d884d elementor-widget elementor-widget-image\" data-id=\"d8d884d\" data-element_type=\"widget\" data-widget_type=\"image.default\">\n\t\t\t\t<div class=\"elementor-widget-container\">\n\t\t\t\t\t\t\t\t\t\t\t\t\t\t\t<img decoding=\"async\" width=\"141\" height=\"165\" src=\"https:\/\/pcelarins.org.rs\/wp-content\/uploads\/2020\/09\/elaborat.gif\" class=\"attachment-large size-large wp-image-315\" alt=\"\" \/>\t\t\t\t\t\t\t\t\t\t\t\t\t\t\t<\/div>\n\t\t\t\t<\/div>\n\t\t\t\t<div class=\"elementor-element elementor-element-e336a00 envato-kit-83-inline-block elementor-align-center elementor-widget elementor-widget-button\" data-id=\"e336a00\" data-element_type=\"widget\" data-widget_type=\"button.default\">\n\t\t\t\t<div class=\"elementor-widget-container\">\n\t\t\t\t\t\t\t\t\t<div class=\"elementor-button-wrapper\">\n\t\t\t\t\t<a class=\"elementor-button elementor-size-md\" role=\"button\">\n\t\t\t\t\t\t<span class=\"elementor-button-content-wrapper\">\n\t\t\t\t\t\t<span class=\"elementor-button-icon\">\n\t\t\t\t<i aria-hidden=\"true\" class=\"fas fa-user\"><\/i>\t\t\t<\/span>\n\t\t\t\t\t\t\t\t\t<span class=\"elementor-button-text\">Pro\u010ditaj Vi\u0161e<\/span>\n\t\t\t\t\t<\/span>\n\t\t\t\t\t<\/a>\n\t\t\t\t<\/div>\n\t\t\t\t\t\t\t\t<\/div>\n\t\t\t\t<\/div>\n\t\t\t\t<div class=\"elementor-element elementor-element-5c21cf85 elementor-widget-divider--view-line elementor-invisible elementor-widget elementor-widget-divider\" data-id=\"5c21cf85\" data-element_type=\"widget\" data-settings=\"{&quot;_animation&quot;:&quot;fadeIn&quot;,&quot;_animation_delay&quot;:200}\" data-widget_type=\"divider.default\">\n\t\t\t\t<div class=\"elementor-widget-container\">\n\t\t\t\t\t\t\t<div class=\"elementor-divider\">\n\t\t\t<span class=\"elementor-divider-separator\">\n\t\t\t\t\t\t<\/span>\n\t\t<\/div>\n\t\t\t\t\t\t<\/div>\n\t\t\t\t<\/div>\n\t\t\t\t\t<\/div>\n\t\t<\/div>\n\t\t\t\t\t<\/div>\n\t\t<\/section>\n\t\t\t\t<section class=\"elementor-section elementor-top-section elementor-element elementor-element-2ab516e elementor-section-boxed elementor-section-height-default elementor-section-height-default\" data-id=\"2ab516e\" data-element_type=\"section\" data-settings=\"{&quot;background_background&quot;:&quot;classic&quot;}\">\n\t\t\t\t\t\t<div class=\"elementor-container elementor-column-gap-default\">\n\t\t\t\t\t<div class=\"elementor-column elementor-col-25 elementor-top-column elementor-element elementor-element-290abe4\" data-id=\"290abe4\" data-element_type=\"column\">\n\t\t\t<div class=\"elementor-widget-wrap elementor-element-populated\">\n\t\t\t\t\t\t<div class=\"elementor-element elementor-element-234ca04 elementor-widget elementor-widget-image\" data-id=\"234ca04\" data-element_type=\"widget\" data-widget_type=\"image.default\">\n\t\t\t\t<div class=\"elementor-widget-container\">\n\t\t\t\t\t\t\t\t\t\t\t\t\t\t\t<img decoding=\"async\" src=\"https:\/\/pcelarins.org.rs\/wp-content\/uploads\/elementor\/thumbs\/og-logo-removebg-preview-ov9354ejwybsofipgs9m02ipfbrpel6ffhtpau9b8g.png\" title=\"og-logo-removebg-preview\" alt=\"og-logo-removebg-preview\" loading=\"lazy\" \/>\t\t\t\t\t\t\t\t\t\t\t\t\t\t\t<\/div>\n\t\t\t\t<\/div>\n\t\t\t\t<div class=\"elementor-element elementor-element-17b92c3 elementor-widget__width-initial elementor-widget elementor-widget-text-editor\" data-id=\"17b92c3\" data-element_type=\"widget\" data-widget_type=\"text-editor.default\">\n\t\t\t\t<div class=\"elementor-widget-container\">\n\t\t\t\t\t\t\t\t\t<p><span style=\"vertical-align: inherit;\"><span style=\"vertical-align: inherit;\">Dru\u0161tvo p\u010delara Jovan \u017divanovi\u0107 Gagarinova 6, 21000 Novi Sad&nbsp;<\/span><\/span><\/p>\t\t\t\t\t\t\t\t<\/div>\n\t\t\t\t<\/div>\n\t\t\t\t\t<\/div>\n\t\t<\/div>\n\t\t\t\t<div class=\"elementor-column elementor-col-25 elementor-top-column elementor-element elementor-element-42420ce\" data-id=\"42420ce\" data-element_type=\"column\">\n\t\t\t<div class=\"elementor-widget-wrap elementor-element-populated\">\n\t\t\t\t\t\t<div class=\"elementor-element elementor-element-08f8a8b envato-kit-138-bracket elementor-widget elementor-widget-heading\" data-id=\"08f8a8b\" data-element_type=\"widget\" data-widget_type=\"heading.default\">\n\t\t\t\t<div class=\"elementor-widget-container\">\n\t\t\t\t\t<h3 class=\"elementor-heading-title elementor-size-default\">Meni<\/h3>\t\t\t\t<\/div>\n\t\t\t\t<\/div>\n\t\t\t\t<div class=\"elementor-element elementor-element-7322ae7 elementor-mobile-align-center elementor-icon-list--layout-traditional elementor-list-item-link-full_width elementor-widget elementor-widget-icon-list\" data-id=\"7322ae7\" data-element_type=\"widget\" data-widget_type=\"icon-list.default\">\n\t\t\t\t<div class=\"elementor-widget-container\">\n\t\t\t\t\t\t\t<ul class=\"elementor-icon-list-items\">\n\t\t\t\t\t\t\t<li class=\"elementor-icon-list-item\">\n\t\t\t\t\t\t\t\t\t\t\t<a href=\"https:\/\/pcelarins.org.rs\/\">\n\n\t\t\t\t\t\t\t\t\t\t\t\t<span class=\"elementor-icon-list-icon\">\n\t\t\t\t\t\t\t<i aria-hidden=\"true\" class=\"fas fa-angle-right\"><\/i>\t\t\t\t\t\t<\/span>\n\t\t\t\t\t\t\t\t\t\t<span class=\"elementor-icon-list-text\">Po\u010detna<\/span>\n\t\t\t\t\t\t\t\t\t\t\t<\/a>\n\t\t\t\t\t\t\t\t\t<\/li>\n\t\t\t\t\t\t\t\t<li class=\"elementor-icon-list-item\">\n\t\t\t\t\t\t\t\t\t\t\t<a href=\"https:\/\/pcelarins.org.rs\/?page_id=100\">\n\n\t\t\t\t\t\t\t\t\t\t\t\t<span class=\"elementor-icon-list-icon\">\n\t\t\t\t\t\t\t<i aria-hidden=\"true\" class=\"fas fa-angle-right\"><\/i>\t\t\t\t\t\t<\/span>\n\t\t\t\t\t\t\t\t\t\t<span class=\"elementor-icon-list-text\">Dru\u0161tvo<\/span>\n\t\t\t\t\t\t\t\t\t\t\t<\/a>\n\t\t\t\t\t\t\t\t\t<\/li>\n\t\t\t\t\t\t\t\t<li class=\"elementor-icon-list-item\">\n\t\t\t\t\t\t\t\t\t\t\t<span class=\"elementor-icon-list-icon\">\n\t\t\t\t\t\t\t<i aria-hidden=\"true\" class=\"fas fa-angle-right\"><\/i>\t\t\t\t\t\t<\/span>\n\t\t\t\t\t\t\t\t\t\t<span class=\"elementor-icon-list-text\">Arhiva<\/span>\n\t\t\t\t\t\t\t\t\t<\/li>\n\t\t\t\t\t\t<\/ul>\n\t\t\t\t\t\t<\/div>\n\t\t\t\t<\/div>\n\t\t\t\t\t<\/div>\n\t\t<\/div>\n\t\t\t\t<div class=\"elementor-column elementor-col-25 elementor-top-column elementor-element elementor-element-e18f2d3\" data-id=\"e18f2d3\" data-element_type=\"column\">\n\t\t\t<div class=\"elementor-widget-wrap elementor-element-populated\">\n\t\t\t\t\t\t<div class=\"elementor-element elementor-element-cd4bdcb envato-kit-138-bracket elementor-widget elementor-widget-heading\" data-id=\"cd4bdcb\" data-element_type=\"widget\" data-widget_type=\"heading.default\">\n\t\t\t\t<div class=\"elementor-widget-container\">\n\t\t\t\t\t<h3 class=\"elementor-heading-title elementor-size-default\">Propisi<\/h3>\t\t\t\t<\/div>\n\t\t\t\t<\/div>\n\t\t\t\t<div class=\"elementor-element elementor-element-0fb4aa4 elementor-mobile-align-center elementor-icon-list--layout-traditional elementor-list-item-link-full_width elementor-widget elementor-widget-icon-list\" data-id=\"0fb4aa4\" data-element_type=\"widget\" data-widget_type=\"icon-list.default\">\n\t\t\t\t<div class=\"elementor-widget-container\">\n\t\t\t\t\t\t\t<ul class=\"elementor-icon-list-items\">\n\t\t\t\t\t\t\t<li class=\"elementor-icon-list-item\">\n\t\t\t\t\t\t\t\t\t\t\t<a href=\"https:\/\/pcelarins.org.rs\/?page_id=346\">\n\n\t\t\t\t\t\t\t\t\t\t\t\t<span class=\"elementor-icon-list-icon\">\n\t\t\t\t\t\t\t<i aria-hidden=\"true\" class=\"fas fa-angle-right\"><\/i>\t\t\t\t\t\t<\/span>\n\t\t\t\t\t\t\t\t\t\t<span class=\"elementor-icon-list-text\">Propisi vezani za p\u010delarstvo<\/span>\n\t\t\t\t\t\t\t\t\t\t\t<\/a>\n\t\t\t\t\t\t\t\t\t<\/li>\n\t\t\t\t\t\t\t\t<li class=\"elementor-icon-list-item\">\n\t\t\t\t\t\t\t\t\t\t\t<a href=\"https:\/\/pcelarins.org.rs\/?page_id=370\">\n\n\t\t\t\t\t\t\t\t\t\t\t\t<span class=\"elementor-icon-list-icon\">\n\t\t\t\t\t\t\t<i aria-hidden=\"true\" class=\"fas fa-angle-right\"><\/i>\t\t\t\t\t\t<\/span>\n\t\t\t\t\t\t\t\t\t\t<span class=\"elementor-icon-list-text\">Akta dru\u0161tva<\/span>\n\t\t\t\t\t\t\t\t\t\t\t<\/a>\n\t\t\t\t\t\t\t\t\t<\/li>\n\t\t\t\t\t\t<\/ul>\n\t\t\t\t\t\t<\/div>\n\t\t\t\t<\/div>\n\t\t\t\t\t<\/div>\n\t\t<\/div>\n\t\t\t\t<div class=\"elementor-column elementor-col-25 elementor-top-column elementor-element elementor-element-8844789\" data-id=\"8844789\" data-element_type=\"column\">\n\t\t\t<div class=\"elementor-widget-wrap elementor-element-populated\">\n\t\t\t\t\t\t<div class=\"elementor-element elementor-element-f5f67ee envato-kit-138-bracket elementor-widget elementor-widget-heading\" data-id=\"f5f67ee\" data-element_type=\"widget\" data-widget_type=\"heading.default\">\n\t\t\t\t<div class=\"elementor-widget-container\">\n\t\t\t\t\t<h3 class=\"elementor-heading-title elementor-size-default\">Social Media<\/h3>\t\t\t\t<\/div>\n\t\t\t\t<\/div>\n\t\t\t\t<div class=\"elementor-element elementor-element-04da52f elementor-shape-square e-grid-align-mobile-center e-grid-align-tablet-left elementor-widget__width-initial elementor-grid-0 e-grid-align-center elementor-widget elementor-widget-social-icons\" data-id=\"04da52f\" data-element_type=\"widget\" data-widget_type=\"social-icons.default\">\n\t\t\t\t<div class=\"elementor-widget-container\">\n\t\t\t\t\t\t\t<div class=\"elementor-social-icons-wrapper elementor-grid\">\n\t\t\t\t\t\t\t<span class=\"elementor-grid-item\">\n\t\t\t\t\t<a class=\"elementor-icon elementor-social-icon elementor-social-icon-facebook-f elementor-repeater-item-421c6ef\" href=\"https:\/\/www.facebook.com\/profile.php?id=100009124763768\" target=\"_blank\">\n\t\t\t\t\t\t<span class=\"elementor-screen-only\">Facebook-f<\/span>\n\t\t\t\t\t\t<i aria-hidden=\"true\" class=\"fab fa-facebook-f\"><\/i>\t\t\t\t\t<\/a>\n\t\t\t\t<\/span>\n\t\t\t\t\t<\/div>\n\t\t\t\t\t\t<\/div>\n\t\t\t\t<\/div>\n\t\t\t\t\t<\/div>\n\t\t<\/div>\n\t\t\t\t\t<\/div>\n\t\t<\/section>\n\t\t\t\t<\/div>\n\t\t","protected":false},"excerpt":{"rendered":"<p>Po\u010detna Dru\u0161tvo Organizacija Manifestacije Peti Sajam P\u010delarstva Ostale Manifestacije NOVOSADSKI P\u010cELARI NA ,,ROGLJU\u201c NOVI SAD SRCEM \u0417\u0430\u0445\u0432\u0430\u043b\u043d\u043e\u0441\u0442 \u0414\u0440\u0443\u0448\u0442\u0432\u0430 \u043f\u0447\u0435\u043b\u0430\u0440\u0430 \u043d\u0430 \u043f\u0440\u0435\u0434\u0441\u0442\u0430\u0432\u0459\u0430\u045a\u0443 \u0440\u0435\u0437\u0443\u043b\u0442\u0430\u0442\u0430 \u043f\u0440\u043e\u0458\u0435\u043a\u0442\u0430 B-HEALTH \u0443 \u0418\u043d\u0441\u0442\u0438\u0442\u0443\u0442\u0443 \u0411\u0438\u043e\u0441\u0435\u043d\u0441 Projekti Fru\u0161kogorski Lipov med Fru\u0161kogorski Lipov Med Elaborat Sertifikovani Proizvodja\u010di Projekat Reka Meda Aktivnosti \u0160kola za po\u010detnike Propisi Propisi Vezani Za P\u010delarstvo Akta Dru\u0161tva Literatura Kontakt Fru\u0161kogorski Lipov [&hellip;]<\/p>\n","protected":false},"author":1,"featured_media":0,"parent":0,"menu_order":0,"comment_status":"closed","ping_status":"closed","template":"elementor_header_footer","meta":{"site-sidebar-layout":"no-sidebar","site-content-layout":"page-builder","ast-site-content-layout":"","site-content-style":"default","site-sidebar-style":"default","ast-global-header-display":"","ast-banner-title-visibility":"","ast-main-header-display":"disabled","ast-hfb-above-header-display":"","ast-hfb-below-header-display":"","ast-hfb-mobile-header-display":"","site-post-title":"disabled","ast-breadcrumbs-content":"","ast-featured-img":"disabled","footer-sml-layout":"disabled","theme-transparent-header-meta":"default","adv-header-id-meta":"","stick-header-meta":"","header-above-stick-meta":"","header-main-stick-meta":"","header-below-stick-meta":"","astra-migrate-meta-layouts":"default","ast-page-background-enabled":"default","ast-page-background-meta":{"desktop":{"background-color":"var(--ast-global-color-4)","background-image":"","background-repeat":"repeat","background-position":"center center","background-size":"auto","background-attachment":"scroll","background-type":"","background-media":"","overlay-type":"","overlay-color":"","overlay-opacity":"","overlay-gradient":""},"tablet":{"background-color":"","background-image":"","background-repeat":"repeat","background-position":"center center","background-size":"auto","background-attachment":"scroll","background-type":"","background-media":"","overlay-type":"","overlay-color":"","overlay-opacity":"","overlay-gradient":""},"mobile":{"background-color":"","background-image":"","background-repeat":"repeat","background-position":"center center","background-size":"auto","background-attachment":"scroll","background-type":"","background-media":"","overlay-type":"","overlay-color":"","overlay-opacity":"","overlay-gradient":""}},"ast-content-background-meta":{"desktop":{"background-color":"var(--ast-global-color-5)","background-image":"","background-repeat":"repeat","background-position":"center center","background-size":"auto","background-attachment":"scroll","background-type":"","background-media":"","overlay-type":"","overlay-color":"","overlay-opacity":"","overlay-gradient":""},"tablet":{"background-color":"var(--ast-global-color-5)","background-image":"","background-repeat":"repeat","background-position":"center center","background-size":"auto","background-attachment":"scroll","background-type":"","background-media":"","overlay-type":"","overlay-color":"","overlay-opacity":"","overlay-gradient":""},"mobile":{"background-color":"var(--ast-global-color-5)","background-image":"","background-repeat":"repeat","background-position":"center center","background-size":"auto","background-attachment":"scroll","background-type":"","background-media":"","overlay-type":"","overlay-color":"","overlay-opacity":"","overlay-gradient":""}},"footnotes":""},"class_list":["post-309","page","type-page","status-publish","hentry"],"_links":{"self":[{"href":"https:\/\/pcelarins.org.rs\/index.php?rest_route=\/wp\/v2\/pages\/309","targetHints":{"allow":["GET"]}}],"collection":[{"href":"https:\/\/pcelarins.org.rs\/index.php?rest_route=\/wp\/v2\/pages"}],"about":[{"href":"https:\/\/pcelarins.org.rs\/index.php?rest_route=\/wp\/v2\/types\/page"}],"author":[{"embeddable":true,"href":"https:\/\/pcelarins.org.rs\/index.php?rest_route=\/wp\/v2\/users\/1"}],"replies":[{"embeddable":true,"href":"https:\/\/pcelarins.org.rs\/index.php?rest_route=%2Fwp%2Fv2%2Fcomments&post=309"}],"version-history":[{"count":9,"href":"https:\/\/pcelarins.org.rs\/index.php?rest_route=\/wp\/v2\/pages\/309\/revisions"}],"predecessor-version":[{"id":1033,"href":"https:\/\/pcelarins.org.rs\/index.php?rest_route=\/wp\/v2\/pages\/309\/revisions\/1033"}],"wp:attachment":[{"href":"https:\/\/pcelarins.org.rs\/index.php?rest_route=%2Fwp%2Fv2%2Fmedia&parent=309"}],"curies":[{"name":"wp","href":"https:\/\/api.w.org\/{rel}","templated":true}]}}