{"id":557,"date":"2020-09-16T07:23:30","date_gmt":"2020-09-16T07:23:30","guid":{"rendered":"http:\/\/pcelarins.org.rs\/?page_id=557"},"modified":"2020-09-16T07:25:23","modified_gmt":"2020-09-16T07:25:23","slug":"milovan-milo-jovovic","status":"publish","type":"page","link":"https:\/\/pcelarins.org.rs\/?page_id=557","title":{"rendered":"MILOVAN (MILO) JOVOVI\u0106"},"content":{"rendered":"\t\t<div data-elementor-type=\"wp-page\" data-elementor-id=\"557\" class=\"elementor elementor-557\">\n\t\t\t\t\t\t<header class=\"elementor-section elementor-top-section elementor-element elementor-element-8a67fdd elementor-section-height-min-height elementor-section-items-bottom elementor-section-boxed elementor-section-height-default\" data-id=\"8a67fdd\" data-element_type=\"section\" data-settings=\"{&quot;background_background&quot;:&quot;classic&quot;}\">\n\t\t\t\t\t\t\t<div class=\"elementor-background-overlay\"><\/div>\n\t\t\t\t\t\t\t<div class=\"elementor-container elementor-column-gap-wider\">\n\t\t\t\t\t<div class=\"elementor-column elementor-col-50 elementor-top-column elementor-element elementor-element-225c3cb1\" data-id=\"225c3cb1\" data-element_type=\"column\">\n\t\t\t<div class=\"elementor-widget-wrap elementor-element-populated\">\n\t\t\t\t\t\t<div class=\"elementor-element elementor-element-19855de1 elementor-widget elementor-widget-heading\" data-id=\"19855de1\" data-element_type=\"widget\" data-widget_type=\"heading.default\">\n\t\t\t\t<div class=\"elementor-widget-container\">\n\t\t\t\t\t<h1 class=\"elementor-heading-title elementor-size-default\">MILOVAN (MILO) JOVOVI\u0106<\/h1>\t\t\t\t<\/div>\n\t\t\t\t<\/div>\n\t\t\t\t<div class=\"elementor-element elementor-element-66185bec elementor-widget elementor-widget-heading\" data-id=\"66185bec\" data-element_type=\"widget\" data-widget_type=\"heading.default\">\n\t\t\t\t<div class=\"elementor-widget-container\">\n\t\t\t\t\t<h3 class=\"elementor-heading-title elementor-size-default\">1929\/<\/h3>\t\t\t\t<\/div>\n\t\t\t\t<\/div>\n\t\t\t\t\t<\/div>\n\t\t<\/div>\n\t\t\t\t<div class=\"elementor-column elementor-col-50 elementor-top-column elementor-element elementor-element-2e61081c elementor-invisible\" data-id=\"2e61081c\" data-element_type=\"column\" data-settings=\"{&quot;background_background&quot;:&quot;classic&quot;,&quot;animation&quot;:&quot;fadeIn&quot;}\">\n\t\t\t<div class=\"elementor-widget-wrap\">\n\t\t\t\t\t\t\t<\/div>\n\t\t<\/div>\n\t\t\t\t\t<\/div>\n\t\t<\/header>\n\t\t\t\t<section class=\"elementor-section elementor-top-section elementor-element elementor-element-5eabebb4 elementor-section-boxed elementor-section-height-default elementor-section-height-default\" data-id=\"5eabebb4\" data-element_type=\"section\" data-settings=\"{&quot;background_background&quot;:&quot;classic&quot;}\">\n\t\t\t\t\t\t\t<div class=\"elementor-background-overlay\"><\/div>\n\t\t\t\t\t\t\t<div class=\"elementor-container elementor-column-gap-wide\">\n\t\t\t\t\t<div class=\"elementor-column elementor-col-100 elementor-top-column elementor-element elementor-element-7ba466a1\" data-id=\"7ba466a1\" data-element_type=\"column\">\n\t\t\t<div class=\"elementor-widget-wrap elementor-element-populated\">\n\t\t\t\t\t\t<div class=\"elementor-element elementor-element-54fa8d94 elementor-invisible elementor-widget elementor-widget-image\" data-id=\"54fa8d94\" data-element_type=\"widget\" data-settings=\"{&quot;_animation&quot;:&quot;fadeIn&quot;,&quot;_animation_delay&quot;:100}\" data-widget_type=\"image.default\">\n\t\t\t\t<div class=\"elementor-widget-container\">\n\t\t\t\t\t\t\t\t\t\t\t\t\t\t\t<img decoding=\"async\" width=\"150\" height=\"180\" src=\"https:\/\/pcelarins.org.rs\/wp-content\/uploads\/2020\/09\/milovan_milo_jovovic.jpg\" class=\"attachment-large size-large wp-image-474\" alt=\"\" \/>\t\t\t\t\t\t\t\t\t\t\t\t\t\t\t<\/div>\n\t\t\t\t<\/div>\n\t\t\t\t<div class=\"elementor-element elementor-element-9d1ebf2 elementor-widget elementor-widget-heading\" data-id=\"9d1ebf2\" data-element_type=\"widget\" data-widget_type=\"heading.default\">\n\t\t\t\t<div class=\"elementor-widget-container\">\n\t\t\t\t\t<h3 class=\"elementor-heading-title elementor-size-default\">Ro\u0111en je 1929. godine u Danilovgradu, gde je zavr\u0161io Osnovnu \u0161kolu. Sa svojom porodicom, 1945. godine, doselio se u Crvenku, u kojoj je zavr\u0161io automehani\u010darski zanat a zatim se do\u0161kolovao za nastavnika. \nZaposlio se u Srednjoj poljoprivrednoj ma\u0161inskoj \u0161koli u Crvenki. Godinama je predavao predmete- motori i motorna vozila, poljoprivredne ma\u0161ine i eksploatacija poljoprivrednih ma\u0161ina.<\/h3>\t\t\t\t<\/div>\n\t\t\t\t<\/div>\n\t\t\t\t<div class=\"elementor-element elementor-element-5110dbce elementor-widget-divider--view-line elementor-invisible elementor-widget elementor-widget-divider\" data-id=\"5110dbce\" data-element_type=\"widget\" data-settings=\"{&quot;_animation&quot;:&quot;fadeIn&quot;,&quot;_animation_delay&quot;:200}\" data-widget_type=\"divider.default\">\n\t\t\t\t<div class=\"elementor-widget-container\">\n\t\t\t\t\t\t\t<div class=\"elementor-divider\">\n\t\t\t<span class=\"elementor-divider-separator\">\n\t\t\t\t\t\t<\/span>\n\t\t<\/div>\n\t\t\t\t\t\t<\/div>\n\t\t\t\t<\/div>\n\t\t\t\t\t<\/div>\n\t\t<\/div>\n\t\t\t\t\t<\/div>\n\t\t<\/section>\n\t\t\t\t<section class=\"elementor-section elementor-top-section elementor-element elementor-element-25d4fa99 elementor-section-content-middle elementor-section-boxed elementor-section-height-default elementor-section-height-default\" data-id=\"25d4fa99\" data-element_type=\"section\" data-settings=\"{&quot;background_background&quot;:&quot;classic&quot;}\">\n\t\t\t\t\t\t<div class=\"elementor-container elementor-column-gap-wider\">\n\t\t\t\t\t<div class=\"elementor-column elementor-col-100 elementor-top-column elementor-element elementor-element-633a7130\" data-id=\"633a7130\" data-element_type=\"column\">\n\t\t\t<div class=\"elementor-widget-wrap elementor-element-populated\">\n\t\t\t\t\t\t<div class=\"elementor-element elementor-element-5150af2d elementor-invisible elementor-widget elementor-widget-heading\" data-id=\"5150af2d\" data-element_type=\"widget\" data-settings=\"{&quot;_animation&quot;:&quot;fadeIn&quot;,&quot;_animation_delay&quot;:200}\" data-widget_type=\"heading.default\">\n\t\t\t\t<div class=\"elementor-widget-container\">\n\t\t\t\t\t<span class=\"elementor-heading-title elementor-size-default\">U to vreme je pored drugih aktivnosti, u\u010destvovao i u uzgoju p\u010dela, kada je kao \u010dlan p\u010delarske porodice u starom kraju, pro\u0161irio svoja znanja o p\u010delarstvu. Bio je prvi sekretar i blagajnik dru\u0161tva p\u010delara u Crvenki, \u010diji je i danas \u010dlan. Tada je uspostavio veliki broj poznanstava sa iskusnim p\u010delarima iz Vojvodine, koje je anga\u017eovao za predavanja u Crvenki, a i sam je odr\u017eao mnoga, pored Crvenke, Ba\u010dke Palanke, Ba\u010da, Sivca i Beo\u010dina, \u010dija su ga dru\u0161tva proglasila po\u010dasnim \u010dlanom. Sve to je radio volonterski.\nMilo, kako ga mnogi zovu, je vredan, odgovoran i marljiv \u010dovek, zaljubljenik u p\u010delarstvo koji i dan danas u\u010di, rezmenjuje mi\u0161ljenja i \u010dita literaturu. Kao takav je stekao \u0161irok krug prijetelja i po\u0161tovalaca za koje je njegova ku\u0107a uvek otvorena. Oni posebno cene njegovu re\u010d i volju da pomogne i posavetuje. Mnogim p\u010delarima je poklonio svoje ko\u0161nice ili matice. Na p\u010delarskim pa\u0161ama uvek je okru\u017een p\u010delarima.\n1988. godine doseljava se u Novi Sad, gde provodi penzionerske dane, pa se kao poznati p\u010delar i aktivista uklju\u010duje u dru\u0161tvo ,,Jovan \u017divanovi\u0107''. Odgovorno je prihvatao mnoge zadatke oko organizovanja dru\u0161tva, Festivala meda i Savetovanja p\u010delara. Vi\u0161e godina je predsednik komisije za obilazak bolesnih i iznemoglih p\u010delara. Kao plemenit \u010dovek nikad nije izostao ni iz jedne humanitarne p\u010delarske akcije a posebno u pomo\u0107i \u0161kolama, domovima i obolelima. Poklanjao je p\u010delinja dru\u0161tva, pored prijatelja, Poljoprivrednoj \u0161koli u Futogu, Poljoprivrednom fakultetu u Novom Sadu i drugima, a svoj najdra\u017ei eksponat ko\u0161nicu ,,\u0110erzonku'' poklonio je Muzeju p\u010delarstva ,,Jovan \u017divanovi\u0107'' u Sremskim Karlovcima. P\u010delario je sa ve\u0107inom tipova ko\u0161nica, a prose\u010dno sa 60-80 dru\u0161tava, \u0161to zbog naru\u0161enog zdravstvenog stanja smanjuje.\nSvoju ljubav prema p\u010delarstvu preneo je i na svog 14 godi\u0161njeg unuka. Pobornik je sele\u0107eg p\u010delarstva i dobijanja matica iz rojevog nagona, \u0161to je i pisac ovih redova od njega usvojio.\nMilov stan, u novosadskom naselju Telep krasi veliki broj priznanja, zahvalnica, medalja i povelja kao i zlatna zna\u010dka ,,Zaslu\u017eni p\u010delar'' SPOS-a iz 1999. godine.\nMilo p\u010delari iz zadovoljstva i ljubavi prema p\u010deli. Veoma je skroman \u010dovek, ne \u017eeli da se eksponira, pa je tek posle dosta molbi i nagovaranja ispri\u010dao par podataka iz svog \u017eivota, \u0161to smatram da je manji deo njegove p\u010delarske biografije.<\/span>\t\t\t\t<\/div>\n\t\t\t\t<\/div>\n\t\t\t\t\t<\/div>\n\t\t<\/div>\n\t\t\t\t\t<\/div>\n\t\t<\/section>\n\t\t\t\t<section class=\"elementor-section elementor-top-section elementor-element elementor-element-2f304bdf elementor-section-boxed elementor-section-height-default elementor-section-height-default\" data-id=\"2f304bdf\" data-element_type=\"section\" data-settings=\"{&quot;background_background&quot;:&quot;classic&quot;}\">\n\t\t\t\t\t\t<div class=\"elementor-container elementor-column-gap-default\">\n\t\t\t\t\t<div class=\"elementor-column elementor-col-25 elementor-top-column elementor-element elementor-element-681c5d66\" data-id=\"681c5d66\" data-element_type=\"column\">\n\t\t\t<div class=\"elementor-widget-wrap elementor-element-populated\">\n\t\t\t\t\t\t<div class=\"elementor-element elementor-element-9368c14 elementor-widget elementor-widget-image\" data-id=\"9368c14\" data-element_type=\"widget\" data-widget_type=\"image.default\">\n\t\t\t\t<div class=\"elementor-widget-container\">\n\t\t\t\t\t\t\t\t\t\t\t\t\t\t\t<img decoding=\"async\" src=\"https:\/\/pcelarins.org.rs\/wp-content\/uploads\/elementor\/thumbs\/og-logo-removebg-preview-ov9354ejwybsofipgs9m02ipfbrpel6ffhtpau9b8g.png\" title=\"og-logo-removebg-preview\" alt=\"og-logo-removebg-preview\" loading=\"lazy\" \/>\t\t\t\t\t\t\t\t\t\t\t\t\t\t\t<\/div>\n\t\t\t\t<\/div>\n\t\t\t\t<div class=\"elementor-element elementor-element-404098a8 elementor-widget elementor-widget-text-editor\" data-id=\"404098a8\" data-element_type=\"widget\" data-widget_type=\"text-editor.default\">\n\t\t\t\t<div class=\"elementor-widget-container\">\n\t\t\t\t\t\t\t\t\t<p>Jedna dve izdvojene re\u010denice od predsednika udru\u017eenja.<\/p>\t\t\t\t\t\t\t\t<\/div>\n\t\t\t\t<\/div>\n\t\t\t\t\t<\/div>\n\t\t<\/div>\n\t\t\t\t<div class=\"elementor-column elementor-col-25 elementor-top-column elementor-element elementor-element-464d8e5\" data-id=\"464d8e5\" data-element_type=\"column\">\n\t\t\t<div class=\"elementor-widget-wrap elementor-element-populated\">\n\t\t\t\t\t\t<div class=\"elementor-element elementor-element-12240f3f envato-kit-138-bracket elementor-widget elementor-widget-heading\" data-id=\"12240f3f\" data-element_type=\"widget\" data-widget_type=\"heading.default\">\n\t\t\t\t<div class=\"elementor-widget-container\">\n\t\t\t\t\t<h3 class=\"elementor-heading-title elementor-size-default\">Meni<\/h3>\t\t\t\t<\/div>\n\t\t\t\t<\/div>\n\t\t\t\t<div class=\"elementor-element elementor-element-1e7f3d27 elementor-widget elementor-widget-wp-widget-nav_menu\" data-id=\"1e7f3d27\" data-element_type=\"widget\" data-widget_type=\"wp-widget-nav_menu.default\">\n\t\t\t\t<div class=\"elementor-widget-container\">\n\t\t\t\t\t<nav class=\"menu-srpski-meni-container\" aria-label=\"Menu\"><ul id=\"menu-srpski-meni\" class=\"menu\"><li id=\"menu-item-86\" class=\"menu-item menu-item-type-post_type menu-item-object-page menu-item-home menu-item-86\"><a href=\"https:\/\/pcelarins.org.rs\/\" class=\"menu-link\">Po\u010detna<\/a><\/li>\n<li id=\"menu-item-99\" class=\"menu-item menu-item-type-custom menu-item-object-custom menu-item-99\"><a href=\"#\" class=\"menu-link\">Dru\u0161tvo<\/a><\/li>\n<\/ul><\/nav>\t\t\t\t<\/div>\n\t\t\t\t<\/div>\n\t\t\t\t\t<\/div>\n\t\t<\/div>\n\t\t\t\t<div class=\"elementor-column elementor-col-25 elementor-top-column elementor-element elementor-element-79cf6873\" data-id=\"79cf6873\" data-element_type=\"column\">\n\t\t\t<div class=\"elementor-widget-wrap elementor-element-populated\">\n\t\t\t\t\t\t<div class=\"elementor-element elementor-element-6645bb9f envato-kit-138-bracket elementor-widget elementor-widget-heading\" data-id=\"6645bb9f\" data-element_type=\"widget\" data-widget_type=\"heading.default\">\n\t\t\t\t<div class=\"elementor-widget-container\">\n\t\t\t\t\t<h3 class=\"elementor-heading-title elementor-size-default\">Propisi<\/h3>\t\t\t\t<\/div>\n\t\t\t\t<\/div>\n\t\t\t\t<div class=\"elementor-element elementor-element-4a7e98fe elementor-mobile-align-center elementor-icon-list--layout-traditional elementor-list-item-link-full_width elementor-widget elementor-widget-icon-list\" data-id=\"4a7e98fe\" data-element_type=\"widget\" data-widget_type=\"icon-list.default\">\n\t\t\t\t<div class=\"elementor-widget-container\">\n\t\t\t\t\t\t\t<ul class=\"elementor-icon-list-items\">\n\t\t\t\t\t\t\t<li class=\"elementor-icon-list-item\">\n\t\t\t\t\t\t\t\t\t\t\t<span class=\"elementor-icon-list-icon\">\n\t\t\t\t\t\t\t<i aria-hidden=\"true\" class=\"fas fa-angle-right\"><\/i>\t\t\t\t\t\t<\/span>\n\t\t\t\t\t\t\t\t\t\t<span class=\"elementor-icon-list-text\">Propisi vezani za p\u010delarstvo<\/span>\n\t\t\t\t\t\t\t\t\t<\/li>\n\t\t\t\t\t\t\t\t<li class=\"elementor-icon-list-item\">\n\t\t\t\t\t\t\t\t\t\t\t<span class=\"elementor-icon-list-icon\">\n\t\t\t\t\t\t\t<i aria-hidden=\"true\" class=\"fas fa-angle-right\"><\/i>\t\t\t\t\t\t<\/span>\n\t\t\t\t\t\t\t\t\t\t<span class=\"elementor-icon-list-text\">Akta dru\u0161tva<\/span>\n\t\t\t\t\t\t\t\t\t<\/li>\n\t\t\t\t\t\t<\/ul>\n\t\t\t\t\t\t<\/div>\n\t\t\t\t<\/div>\n\t\t\t\t\t<\/div>\n\t\t<\/div>\n\t\t\t\t<div class=\"elementor-column elementor-col-25 elementor-top-column elementor-element elementor-element-50e2f3cc\" data-id=\"50e2f3cc\" data-element_type=\"column\">\n\t\t\t<div class=\"elementor-widget-wrap elementor-element-populated\">\n\t\t\t\t\t\t<div class=\"elementor-element elementor-element-8bdbb13 envato-kit-138-bracket elementor-widget elementor-widget-heading\" data-id=\"8bdbb13\" data-element_type=\"widget\" data-widget_type=\"heading.default\">\n\t\t\t\t<div class=\"elementor-widget-container\">\n\t\t\t\t\t<h3 class=\"elementor-heading-title elementor-size-default\">Social Media<\/h3>\t\t\t\t<\/div>\n\t\t\t\t<\/div>\n\t\t\t\t<div class=\"elementor-element elementor-element-5237fb88 elementor-shape-square e-grid-align-mobile-center e-grid-align-tablet-left elementor-grid-0 e-grid-align-center elementor-widget elementor-widget-social-icons\" data-id=\"5237fb88\" data-element_type=\"widget\" data-widget_type=\"social-icons.default\">\n\t\t\t\t<div class=\"elementor-widget-container\">\n\t\t\t\t\t\t\t<div class=\"elementor-social-icons-wrapper elementor-grid\" role=\"list\">\n\t\t\t\t\t\t\t<span class=\"elementor-grid-item\" role=\"listitem\">\n\t\t\t\t\t<a class=\"elementor-icon elementor-social-icon elementor-social-icon-facebook-f elementor-repeater-item-421c6ef\" target=\"_blank\">\n\t\t\t\t\t\t<span class=\"elementor-screen-only\">Facebook-f<\/span>\n\t\t\t\t\t\t<i aria-hidden=\"true\" class=\"fab fa-facebook-f\"><\/i>\t\t\t\t\t<\/a>\n\t\t\t\t<\/span>\n\t\t\t\t\t\t\t<span class=\"elementor-grid-item\" role=\"listitem\">\n\t\t\t\t\t<a class=\"elementor-icon elementor-social-icon elementor-social-icon-twitter elementor-repeater-item-e326a70\" target=\"_blank\">\n\t\t\t\t\t\t<span class=\"elementor-screen-only\">Twitter<\/span>\n\t\t\t\t\t\t<i aria-hidden=\"true\" class=\"fab fa-twitter\"><\/i>\t\t\t\t\t<\/a>\n\t\t\t\t<\/span>\n\t\t\t\t\t\t\t<span class=\"elementor-grid-item\" role=\"listitem\">\n\t\t\t\t\t<a class=\"elementor-icon elementor-social-icon elementor-social-icon-instagram elementor-repeater-item-5dea297\" target=\"_blank\">\n\t\t\t\t\t\t<span class=\"elementor-screen-only\">Instagram<\/span>\n\t\t\t\t\t\t<i aria-hidden=\"true\" class=\"fab fa-instagram\"><\/i>\t\t\t\t\t<\/a>\n\t\t\t\t<\/span>\n\t\t\t\t\t\t\t<span class=\"elementor-grid-item\" role=\"listitem\">\n\t\t\t\t\t<a class=\"elementor-icon elementor-social-icon elementor-social-icon-youtube elementor-repeater-item-de2d1c0\" target=\"_blank\">\n\t\t\t\t\t\t<span class=\"elementor-screen-only\">Youtube<\/span>\n\t\t\t\t\t\t<i aria-hidden=\"true\" class=\"fab fa-youtube\"><\/i>\t\t\t\t\t<\/a>\n\t\t\t\t<\/span>\n\t\t\t\t\t<\/div>\n\t\t\t\t\t\t<\/div>\n\t\t\t\t<\/div>\n\t\t\t\t\t<\/div>\n\t\t<\/div>\n\t\t\t\t\t<\/div>\n\t\t<\/section>\n\t\t\t\t<\/div>\n\t\t","protected":false},"excerpt":{"rendered":"<p>MILOVAN (MILO) JOVOVI\u0106 1929\/ Ro\u0111en je 1929. godine u Danilovgradu, gde je zavr\u0161io Osnovnu \u0161kolu. Sa svojom porodicom, 1945. godine, doselio se u Crvenku, u kojoj je zavr\u0161io automehani\u010darski zanat a zatim se do\u0161kolovao za nastavnika. Zaposlio se u Srednjoj poljoprivrednoj ma\u0161inskoj \u0161koli u Crvenki. Godinama je predavao predmete- motori i motorna vozila, poljoprivredne ma\u0161ine [&hellip;]<\/p>\n","protected":false},"author":1,"featured_media":0,"parent":0,"menu_order":0,"comment_status":"closed","ping_status":"closed","template":"elementor_header_footer","meta":{"site-sidebar-layout":"no-sidebar","site-content-layout":"page-builder","ast-site-content-layout":"","site-content-style":"default","site-sidebar-style":"default","ast-global-header-display":"","ast-banner-title-visibility":"","ast-main-header-display":"disabled","ast-hfb-above-header-display":"","ast-hfb-below-header-display":"","ast-hfb-mobile-header-display":"","site-post-title":"disabled","ast-breadcrumbs-content":"","ast-featured-img":"disabled","footer-sml-layout":"disabled","theme-transparent-header-meta":"default","adv-header-id-meta":"","stick-header-meta":"","header-above-stick-meta":"","header-main-stick-meta":"","header-below-stick-meta":"","astra-migrate-meta-layouts":"default","ast-page-background-enabled":"default","ast-page-background-meta":{"desktop":{"background-color":"var(--ast-global-color-4)","background-image":"","background-repeat":"repeat","background-position":"center center","background-size":"auto","background-attachment":"scroll","background-type":"","background-media":"","overlay-type":"","overlay-color":"","overlay-opacity":"","overlay-gradient":""},"tablet":{"background-color":"","background-image":"","background-repeat":"repeat","background-position":"center center","background-size":"auto","background-attachment":"scroll","background-type":"","background-media":"","overlay-type":"","overlay-color":"","overlay-opacity":"","overlay-gradient":""},"mobile":{"background-color":"","background-image":"","background-repeat":"repeat","background-position":"center center","background-size":"auto","background-attachment":"scroll","background-type":"","background-media":"","overlay-type":"","overlay-color":"","overlay-opacity":"","overlay-gradient":""}},"ast-content-background-meta":{"desktop":{"background-color":"var(--ast-global-color-5)","background-image":"","background-repeat":"repeat","background-position":"center center","background-size":"auto","background-attachment":"scroll","background-type":"","background-media":"","overlay-type":"","overlay-color":"","overlay-opacity":"","overlay-gradient":""},"tablet":{"background-color":"var(--ast-global-color-5)","background-image":"","background-repeat":"repeat","background-position":"center center","background-size":"auto","background-attachment":"scroll","background-type":"","background-media":"","overlay-type":"","overlay-color":"","overlay-opacity":"","overlay-gradient":""},"mobile":{"background-color":"var(--ast-global-color-5)","background-image":"","background-repeat":"repeat","background-position":"center center","background-size":"auto","background-attachment":"scroll","background-type":"","background-media":"","overlay-type":"","overlay-color":"","overlay-opacity":"","overlay-gradient":""}},"footnotes":""},"class_list":["post-557","page","type-page","status-publish","hentry"],"_links":{"self":[{"href":"https:\/\/pcelarins.org.rs\/index.php?rest_route=\/wp\/v2\/pages\/557","targetHints":{"allow":["GET"]}}],"collection":[{"href":"https:\/\/pcelarins.org.rs\/index.php?rest_route=\/wp\/v2\/pages"}],"about":[{"href":"https:\/\/pcelarins.org.rs\/index.php?rest_route=\/wp\/v2\/types\/page"}],"author":[{"embeddable":true,"href":"https:\/\/pcelarins.org.rs\/index.php?rest_route=\/wp\/v2\/users\/1"}],"replies":[{"embeddable":true,"href":"https:\/\/pcelarins.org.rs\/index.php?rest_route=%2Fwp%2Fv2%2Fcomments&post=557"}],"version-history":[{"count":2,"href":"https:\/\/pcelarins.org.rs\/index.php?rest_route=\/wp\/v2\/pages\/557\/revisions"}],"predecessor-version":[{"id":559,"href":"https:\/\/pcelarins.org.rs\/index.php?rest_route=\/wp\/v2\/pages\/557\/revisions\/559"}],"wp:attachment":[{"href":"https:\/\/pcelarins.org.rs\/index.php?rest_route=%2Fwp%2Fv2%2Fmedia&parent=557"}],"curies":[{"name":"wp","href":"https:\/\/api.w.org\/{rel}","templated":true}]}}