{"id":884,"date":"2024-11-04T07:59:34","date_gmt":"2024-11-04T07:59:34","guid":{"rendered":"https:\/\/pcelarins.org.rs\/?page_id=884"},"modified":"2024-11-04T08:02:52","modified_gmt":"2024-11-04T08:02:52","slug":"skola-za-pocetnike-2","status":"publish","type":"page","link":"https:\/\/pcelarins.org.rs\/?page_id=884","title":{"rendered":"\u0160kola za po\u010detnike"},"content":{"rendered":"\t\t<div data-elementor-type=\"wp-page\" data-elementor-id=\"884\" class=\"elementor elementor-884\">\n\t\t\t\t\t\t<section class=\"elementor-section elementor-top-section elementor-element elementor-element-c1f7a3f elementor-section-boxed elementor-section-height-default elementor-section-height-default\" data-id=\"c1f7a3f\" data-element_type=\"section\">\n\t\t\t\t\t\t<div class=\"elementor-container elementor-column-gap-default\">\n\t\t\t\t\t<div class=\"elementor-column elementor-col-100 elementor-top-column elementor-element elementor-element-1204b5a\" data-id=\"1204b5a\" data-element_type=\"column\">\n\t\t\t<div class=\"elementor-widget-wrap elementor-element-populated\">\n\t\t\t\t\t\t<div class=\"elementor-element elementor-element-cf0989f elementor-widget elementor-widget-heading\" data-id=\"cf0989f\" data-element_type=\"widget\" data-widget_type=\"heading.default\">\n\t\t\t\t<div class=\"elementor-widget-container\">\n\t\t\t\t\t<h2 class=\"elementor-heading-title elementor-size-default\">OBAVE\u0160TENJE\u00a0<\/h2>\t\t\t\t<\/div>\n\t\t\t\t<\/div>\n\t\t\t\t\t<\/div>\n\t\t<\/div>\n\t\t\t\t\t<\/div>\n\t\t<\/section>\n\t\t\t\t<section class=\"elementor-section elementor-top-section elementor-element elementor-element-6c79deae elementor-section-boxed elementor-section-height-default elementor-section-height-default\" data-id=\"6c79deae\" data-element_type=\"section\">\n\t\t\t\t\t\t<div class=\"elementor-container elementor-column-gap-default\">\n\t\t\t\t\t<div class=\"elementor-column elementor-col-100 elementor-top-column elementor-element elementor-element-249ea8c2\" data-id=\"249ea8c2\" data-element_type=\"column\">\n\t\t\t<div class=\"elementor-widget-wrap elementor-element-populated\">\n\t\t\t\t\t\t<div class=\"elementor-element elementor-element-40b268d5 elementor-widget elementor-widget-text-editor\" data-id=\"40b268d5\" data-element_type=\"widget\" data-widget_type=\"text-editor.default\">\n\t\t\t\t<div class=\"elementor-widget-container\">\n\t\t\t\t\t\t\t\t\t\n<p>\u00a0Udru\u017eenje p\u010delara Jovan \u017divanovi\u0107 i ove godine u zimskom periodu planira organizovati \u0161kolu p\u010delarstva za 2024\/2025 godinu.<\/p>\n\n<p>\u00a0\u00a0USLOVI POHA\u0110ANJA \u0160KOLE P\u010cELARSTVA JE:<\/p>\n\n<ol class=\"wp-block-list\">\n<li>upla\u0107ena \u010dlanarina dru\u0161tva za 2025 godinu u iznosu od 2000 dinara<\/li>\n\n<li>upla\u0107en iznos od 2000 dinara na ime \u0161kole p\u010delarstva za 2025 godinu.<\/li>\n<\/ol>\n\n<p>\u0160kola p\u010delarstva bi se odr\u017eavala u udru\u017eenju p\u010delara Jovan \u017divanovi\u0107 u ulici Gagarinova 6.<\/p>\n\n<p>\u010casovi bi se odr\u017eavali jedan dan u nedelji u poslepodnevnim \u010dasovima (dvo\u010das).<\/p>\n\n<p>Zainteresovani za poha\u0111anje \u0161kole, prijavu mogu poslati na:<\/p>\n\n<p>\u00a0mail-ove: <a href=\"mailto:pcelarins@gmail.com\"><u>pcelarins@gmail.com<\/u><\/a>\u00a0\u00a0\u00a0\u00a0i \u00a0\u00a0<a href=\"mailto:perfectteam021@gmail.com\"><u>perfectteam021@gmail.com<\/u><\/a><\/p>\n\n<p>i \u00a0telefon: 064\/9456958 Daniel Luka\u010d<\/p>\n\n<p>Prijava koja se \u0161alje na mail potrebno je da sadr\u017ei: ime i prezime polaznika, broj telefona i mail adresa radi obave\u0161tavanja i dogovora oko samog po\u010detka predavanja.<\/p>\n\n<p>Prijava za \u0161kolu p\u010delarstva \u0107e trajati do 20.11.2024 godine.<\/p>\n\n<p>\u0160kola p\u010delarstva \u0107e se odr\u017eati sa minimum 10 prijavljenih kandidata, u suprotnom bi se ista pomerila za narednu sezonu.<\/p>\n\t\t\t\t\t\t\t\t<\/div>\n\t\t\t\t<\/div>\n\t\t\t\t\t<\/div>\n\t\t<\/div>\n\t\t\t\t\t<\/div>\n\t\t<\/section>\n\t\t\t\t<\/div>\n\t\t","protected":false},"excerpt":{"rendered":"<p>OBAVE\u0160TENJE\u00a0 \u00a0Udru\u017eenje p\u010delara Jovan \u017divanovi\u0107 i ove godine u zimskom periodu planira organizovati \u0161kolu p\u010delarstva za 2024\/2025 godinu. \u00a0\u00a0USLOVI POHA\u0110ANJA \u0160KOLE P\u010cELARSTVA JE: \u0160kola p\u010delarstva bi se odr\u017eavala u udru\u017eenju p\u010delara Jovan \u017divanovi\u0107 u ulici Gagarinova 6. \u010casovi bi se odr\u017eavali jedan dan u nedelji u poslepodnevnim \u010dasovima (dvo\u010das). Zainteresovani za poha\u0111anje \u0161kole, prijavu mogu [&hellip;]<\/p>\n","protected":false},"author":1,"featured_media":0,"parent":0,"menu_order":0,"comment_status":"closed","ping_status":"closed","template":"elementor_header_footer","meta":{"site-sidebar-layout":"default","site-content-layout":"","ast-site-content-layout":"default","site-content-style":"default","site-sidebar-style":"default","ast-global-header-display":"","ast-banner-title-visibility":"","ast-main-header-display":"","ast-hfb-above-header-display":"","ast-hfb-below-header-display":"","ast-hfb-mobile-header-display":"","site-post-title":"","ast-breadcrumbs-content":"","ast-featured-img":"disabled","footer-sml-layout":"","theme-transparent-header-meta":"","adv-header-id-meta":"","stick-header-meta":"","header-above-stick-meta":"","header-main-stick-meta":"","header-below-stick-meta":"","astra-migrate-meta-layouts":"set","ast-page-background-enabled":"default","ast-page-background-meta":{"desktop":{"background-color":"var(--ast-global-color-4)","background-image":"","background-repeat":"repeat","background-position":"center center","background-size":"auto","background-attachment":"scroll","background-type":"","background-media":"","overlay-type":"","overlay-color":"","overlay-opacity":"","overlay-gradient":""},"tablet":{"background-color":"","background-image":"","background-repeat":"repeat","background-position":"center center","background-size":"auto","background-attachment":"scroll","background-type":"","background-media":"","overlay-type":"","overlay-color":"","overlay-opacity":"","overlay-gradient":""},"mobile":{"background-color":"","background-image":"","background-repeat":"repeat","background-position":"center center","background-size":"auto","background-attachment":"scroll","background-type":"","background-media":"","overlay-type":"","overlay-color":"","overlay-opacity":"","overlay-gradient":""}},"ast-content-background-meta":{"desktop":{"background-color":"var(--ast-global-color-5)","background-image":"","background-repeat":"repeat","background-position":"center center","background-size":"auto","background-attachment":"scroll","background-type":"","background-media":"","overlay-type":"","overlay-color":"","overlay-opacity":"","overlay-gradient":""},"tablet":{"background-color":"var(--ast-global-color-5)","background-image":"","background-repeat":"repeat","background-position":"center center","background-size":"auto","background-attachment":"scroll","background-type":"","background-media":"","overlay-type":"","overlay-color":"","overlay-opacity":"","overlay-gradient":""},"mobile":{"background-color":"var(--ast-global-color-5)","background-image":"","background-repeat":"repeat","background-position":"center center","background-size":"auto","background-attachment":"scroll","background-type":"","background-media":"","overlay-type":"","overlay-color":"","overlay-opacity":"","overlay-gradient":""}},"footnotes":""},"class_list":["post-884","page","type-page","status-publish","hentry"],"_links":{"self":[{"href":"https:\/\/pcelarins.org.rs\/index.php?rest_route=\/wp\/v2\/pages\/884","targetHints":{"allow":["GET"]}}],"collection":[{"href":"https:\/\/pcelarins.org.rs\/index.php?rest_route=\/wp\/v2\/pages"}],"about":[{"href":"https:\/\/pcelarins.org.rs\/index.php?rest_route=\/wp\/v2\/types\/page"}],"author":[{"embeddable":true,"href":"https:\/\/pcelarins.org.rs\/index.php?rest_route=\/wp\/v2\/users\/1"}],"replies":[{"embeddable":true,"href":"https:\/\/pcelarins.org.rs\/index.php?rest_route=%2Fwp%2Fv2%2Fcomments&post=884"}],"version-history":[{"count":4,"href":"https:\/\/pcelarins.org.rs\/index.php?rest_route=\/wp\/v2\/pages\/884\/revisions"}],"predecessor-version":[{"id":888,"href":"https:\/\/pcelarins.org.rs\/index.php?rest_route=\/wp\/v2\/pages\/884\/revisions\/888"}],"wp:attachment":[{"href":"https:\/\/pcelarins.org.rs\/index.php?rest_route=%2Fwp%2Fv2%2Fmedia&parent=884"}],"curies":[{"name":"wp","href":"https:\/\/api.w.org\/{rel}","templated":true}]}}